{"id":6767,"date":"2022-02-01T19:02:21","date_gmt":"2022-02-01T18:02:21","guid":{"rendered":"https:\/\/www.sriviere.com\/?page_id=6767"},"modified":"2022-02-13T09:28:57","modified_gmt":"2022-02-13T08:28:57","slug":"disc-jockey","status":"publish","type":"page","link":"https:\/\/www.sriviere.com\/en\/disc-jockey\/","title":{"rendered":"DISC-JOCKEY"},"content":{"rendered":"<h2 style=\"text-align: center;\"><p class=\"responsive_text\" data-compression=\"36\" data-max=\"27\" data-min=\"16\" style=\"line-height:1em;font-size:20px\">DISC JOCKEY SINCE 1994<br \/>\n<i class=\"iconfont theme-icon icon-arrow-down theme-icon-large\" style=\"color:#0000FF\"><\/i><\/p><\/h2>\n<div class=\"divider_padding\"><\/div>\n<div class=\"picture_frame alignleft\"><img decoding=\"async\" width =\"106\" height=\"126\" alt=\"\" src=\"https:\/\/www.sriviere.com\/wp-content\/uploads\/strikingr\/images\/6001_photodune-bleue-106x126.jpg\" srcset=\"https:\/\/www.sriviere.com\/wp-content\/uploads\/strikingr\/images\/6001_photodune-bleue-106x126@2x.jpg 2x\" data-theme-retina-image=\"true\"  \/><\/div>\n<p style=\"font-family: Georgia,Times New Roman,Times,serif; font-size: 16px;\"><span style=\"font-size: medium;\">The music changes depending on the audience taste and age. To get a great atmosphere for your galas, celebrations and seminars, I propose different styles of music such as :<\/span><\/p>\n<p style=\"font-family: Georgia,Times New Roman,Times,serif; font-size: 16px;\"><span style=\"font-size: medium;\">Disco 70&#8217;s, Be-bop, Rock, Madison 60&#8217;s, Latino Salsa br\u00e9silien, Funk, Rock 80&#8217;s, French and International pop music, House ( Daft Punk, David Guetta&#8230;), Ra\u00ef, accordion music (Paso-doble, Valse, Tango, Charleston, Rumba, Bol\u00e9ro &#8230;).<\/span><\/p>\n<p style=\"font-family: Georgia,Times New Roman,Times,serif; font-size: 16px;\"><span style=\"font-size: medium;\">Apart from a very large selection, specific requests are welcome. This musical selection is established in advance. The atmosphere and liveness of the party is guaranteed with a repertoire that suits everybody&#8217;s taste.<\/span><\/p>\n<p style=\"font-family: Georgia,Times New Roman,Times,serif; font-size: 16px;\"><span style=\"font-size: medium;\"><b><i>Some references<\/i><\/b>: 358 weddings since 1994&#8230;. Marseille&#8217;s Open 13 (French National Tennis Tournament, World of Nations in Jacksonville, in Florida, Bal of l&#8217;ASMBTP, Vivendi Parties , <i>The 14th of July bals<\/i> : Velaux, N\u00eemes, Caissargues, Eygui\u00e8res, Martigues in the South of France.<\/span><\/p>\n<div class='video_frame' data-ratio='1.78' style='width:1920px;height:1080px'><iframe class='vimeo' style='height:100%;width:100%' src='https:\/\/player.vimeo.com\/video\/642359176?title=0&amp;byline=0&amp;portrait=0&amp;autoplay=0&amp;loop=0' width='100%' height='100%' frameborder='0' webkitAllowFullScreen mozallowfullscreen allowFullScreen><\/iframe><\/div>\n<div class=\"one_fourth\"><div id=\"ms_id_1043581106\" class=\"milestone milestone_default\"><div class=\"milestone_number\" style=\"color:#f46899\" data-separator=\"\" data-decimals=\"0\" data-speed=\"1500\" data-from=\"104\" data-to=\"358\" data-animations=\"1\">104<\/div><div class=\"milestone_subject\">Weddings<\/div><\/div><\/div> <div class=\"one_fourth\"><div id=\"ms_id_13215421161\" class=\"milestone milestone_default\"><div class=\"milestone_number\" style=\"color:#27ccc0\" data-separator=\"\" data-decimals=\"0\" data-speed=\"1500\" data-from=\"132\" data-to=\"1542\" data-animations=\"1\">132<\/div><div class=\"milestone_subject\">Average cost per day<\/div><\/div><\/div> <div class=\"one_fourth\"><div id=\"ms_id_321227620\" class=\"milestone milestone_default\"><div class=\"milestone_number\" style=\"color:#2ac4ea\" data-separator=\"\" data-decimals=\"0\" data-speed=\"1500\" data-from=\"32\" data-to=\"122\" data-animations=\"1\">32<\/div><div class=\"milestone_subject\">Private parties<\/div><\/div><\/div> <div class=\"one_fourth last\"><div id=\"ms_id_1200100809962\" class=\"milestone milestone_default\"><div class=\"milestone_number\" style=\"color:#f6653c\" data-separator=\"\" data-decimals=\"0\" data-speed=\"1500\" data-from=\"1200\" data-to=\"10080\" data-animations=\"1\">1200<\/div><div class=\"milestone_subject\">Happy guests<\/div><\/div><\/div><div class=\"clearboth\"><\/div>\n<div class=\"divider_padding\"><\/div>\n","protected":false},"excerpt":{"rendered":"<p>The music changes depending on the audience taste and age. To get a great atmosphere for your galas, celebrations and seminars, I propose different styles of music such as : Disco 70&#8217;s, Be-bop, Rock, Madison 60&#8217;s, Latino Salsa br\u00e9silien, Funk, Rock 80&#8217;s, French and International pop music, House ( Daft Punk, David Guetta&#8230;), Ra\u00ef, accordion &#8230;<\/p>\n","protected":false},"author":1,"featured_media":0,"parent":0,"menu_order":0,"comment_status":"closed","ping_status":"closed","template":"","meta":{"footnotes":""},"class_list":["post-6767","page","type-page","status-publish","hentry"],"yoast_head":"<!-- This site is optimized with the Yoast SEO plugin v27.0 - https:\/\/yoast.com\/product\/yoast-seo-wordpress\/ -->\n<title>DISC-JOCKEY | DJ mariages &amp; soir\u00e9es priv\u00e9es<\/title>\n<meta name=\"robots\" content=\"index, follow, max-snippet:-1, max-image-preview:large, max-video-preview:-1\" \/>\n<link rel=\"canonical\" href=\"https:\/\/www.sriviere.com\/disc-jockey\/\" \/>\n<meta property=\"og:locale\" content=\"en_US\" \/>\n<meta property=\"og:type\" content=\"article\" \/>\n<meta property=\"og:title\" content=\"DISC-JOCKEY | DJ mariages &amp; soir\u00e9es priv\u00e9es\" \/>\n<meta property=\"og:description\" content=\"The music changes depending on the audience taste and age. To get a great atmosphere for your galas, celebrations and seminars, I propose different styles of music such as : Disco 70&#8217;s, Be-bop, Rock, Madison 60&#8217;s, Latino Salsa br\u00e9silien, Funk, Rock 80&#8217;s, French and International pop music, House ( Daft Punk, David Guetta&#8230;), Ra\u00ef, accordion ...\" \/>\n<meta property=\"og:url\" content=\"https:\/\/www.sriviere.com\/disc-jockey\/\" \/>\n<meta property=\"og:site_name\" content=\"DJ mariages &amp; soir\u00e9es priv\u00e9es\" \/>\n<meta property=\"article:modified_time\" content=\"2022-02-13T08:28:57+00:00\" \/>\n<meta property=\"og:image\" content=\"https:\/\/www.sriviere.com\/wp-content\/uploads\/2024\/04\/banniere-you-tube-copie.jpeg\" \/>\n\t<meta property=\"og:image:width\" content=\"1200\" \/>\n\t<meta property=\"og:image:height\" content=\"675\" \/>\n\t<meta property=\"og:image:type\" content=\"image\/jpeg\" \/>\n<meta name=\"twitter:card\" content=\"summary_large_image\" \/>\n<meta name=\"twitter:label1\" content=\"Est. reading time\" \/>\n\t<meta name=\"twitter:data1\" content=\"1 minute\" \/>\n<script type=\"application\/ld+json\" class=\"yoast-schema-graph\">{\"@context\":\"https:\/\/schema.org\",\"@graph\":[{\"@type\":\"WebPage\",\"@id\":\"https:\/\/www.sriviere.com\/disc-jockey\/\",\"url\":\"https:\/\/www.sriviere.com\/disc-jockey\/\",\"name\":\"DISC-JOCKEY | DJ mariages &amp; soir\u00e9es priv\u00e9es\",\"isPartOf\":{\"@id\":\"https:\/\/www.sriviere.com\/en\/#website\"},\"datePublished\":\"2022-02-01T18:02:21+00:00\",\"dateModified\":\"2022-02-13T08:28:57+00:00\",\"breadcrumb\":{\"@id\":\"https:\/\/www.sriviere.com\/disc-jockey\/#breadcrumb\"},\"inLanguage\":\"en-US\",\"potentialAction\":[{\"@type\":\"ReadAction\",\"target\":[\"https:\/\/www.sriviere.com\/disc-jockey\/\"]}]},{\"@type\":\"BreadcrumbList\",\"@id\":\"https:\/\/www.sriviere.com\/disc-jockey\/#breadcrumb\",\"itemListElement\":[{\"@type\":\"ListItem\",\"position\":1,\"name\":\"Accueil\",\"item\":\"https:\/\/www.sriviere.com\/en\/wedding-dj-live-music-provence-french-riviera\/\"},{\"@type\":\"ListItem\",\"position\":2,\"name\":\"DISC-JOCKEY\"}]},{\"@type\":\"WebSite\",\"@id\":\"https:\/\/www.sriviere.com\/en\/#website\",\"url\":\"https:\/\/www.sriviere.com\/en\/\",\"name\":\"SR Animation \u2013 DJ Mariage & \u00c9v\u00e9nement\",\"description\":\"R\u00e9ussir vos animations en R\u00e9gion PACA\",\"publisher\":{\"@id\":\"https:\/\/www.sriviere.com\/en\/#organization\"},\"potentialAction\":[{\"@type\":\"SearchAction\",\"target\":{\"@type\":\"EntryPoint\",\"urlTemplate\":\"https:\/\/www.sriviere.com\/en\/?s={search_term_string}\"},\"query-input\":{\"@type\":\"PropertyValueSpecification\",\"valueRequired\":true,\"valueName\":\"search_term_string\"}}],\"inLanguage\":\"en-US\"},{\"@type\":\"Organization\",\"@id\":\"https:\/\/www.sriviere.com\/en\/#organization\",\"name\":\"SR Animation\",\"url\":\"https:\/\/www.sriviere.com\/en\/\",\"logo\":{\"@type\":\"ImageObject\",\"inLanguage\":\"en-US\",\"@id\":\"https:\/\/www.sriviere.com\/en\/#\/schema\/logo\/image\/\",\"url\":\"https:\/\/www.sriviere.com\/wp-content\/uploads\/2024\/01\/cropped-favicon-1.png\",\"contentUrl\":\"https:\/\/www.sriviere.com\/wp-content\/uploads\/2024\/01\/cropped-favicon-1.png\",\"width\":512,\"height\":512,\"caption\":\"SR Animation\"},\"image\":{\"@id\":\"https:\/\/www.sriviere.com\/en\/#\/schema\/logo\/image\/\"},\"sameAs\":[\"https:\/\/www.instagram.com\/sriviereanimation\/\",\"https:\/\/youtube.com\/@sranimationprod\"]}]}<\/script>\n<!-- \/ Yoast SEO plugin. -->","yoast_head_json":{"title":"DISC-JOCKEY | DJ mariages &amp; soir\u00e9es priv\u00e9es","robots":{"index":"index","follow":"follow","max-snippet":"max-snippet:-1","max-image-preview":"max-image-preview:large","max-video-preview":"max-video-preview:-1"},"canonical":"https:\/\/www.sriviere.com\/disc-jockey\/","og_locale":"en_US","og_type":"article","og_title":"DISC-JOCKEY | DJ mariages &amp; soir\u00e9es priv\u00e9es","og_description":"The music changes depending on the audience taste and age. To get a great atmosphere for your galas, celebrations and seminars, I propose different styles of music such as : Disco 70&#8217;s, Be-bop, Rock, Madison 60&#8217;s, Latino Salsa br\u00e9silien, Funk, Rock 80&#8217;s, French and International pop music, House ( Daft Punk, David Guetta&#8230;), Ra\u00ef, accordion ...","og_url":"https:\/\/www.sriviere.com\/disc-jockey\/","og_site_name":"DJ mariages &amp; soir\u00e9es priv\u00e9es","article_modified_time":"2022-02-13T08:28:57+00:00","og_image":[{"width":1200,"height":675,"url":"https:\/\/www.sriviere.com\/wp-content\/uploads\/2024\/04\/banniere-you-tube-copie.jpeg","type":"image\/jpeg"}],"twitter_card":"summary_large_image","twitter_misc":{"Est. reading time":"1 minute"},"schema":{"@context":"https:\/\/schema.org","@graph":[{"@type":"WebPage","@id":"https:\/\/www.sriviere.com\/disc-jockey\/","url":"https:\/\/www.sriviere.com\/disc-jockey\/","name":"DISC-JOCKEY | DJ mariages &amp; soir\u00e9es priv\u00e9es","isPartOf":{"@id":"https:\/\/www.sriviere.com\/en\/#website"},"datePublished":"2022-02-01T18:02:21+00:00","dateModified":"2022-02-13T08:28:57+00:00","breadcrumb":{"@id":"https:\/\/www.sriviere.com\/disc-jockey\/#breadcrumb"},"inLanguage":"en-US","potentialAction":[{"@type":"ReadAction","target":["https:\/\/www.sriviere.com\/disc-jockey\/"]}]},{"@type":"BreadcrumbList","@id":"https:\/\/www.sriviere.com\/disc-jockey\/#breadcrumb","itemListElement":[{"@type":"ListItem","position":1,"name":"Accueil","item":"https:\/\/www.sriviere.com\/en\/wedding-dj-live-music-provence-french-riviera\/"},{"@type":"ListItem","position":2,"name":"DISC-JOCKEY"}]},{"@type":"WebSite","@id":"https:\/\/www.sriviere.com\/en\/#website","url":"https:\/\/www.sriviere.com\/en\/","name":"SR Animation \u2013 DJ Mariage & \u00c9v\u00e9nement","description":"R\u00e9ussir vos animations en R\u00e9gion PACA","publisher":{"@id":"https:\/\/www.sriviere.com\/en\/#organization"},"potentialAction":[{"@type":"SearchAction","target":{"@type":"EntryPoint","urlTemplate":"https:\/\/www.sriviere.com\/en\/?s={search_term_string}"},"query-input":{"@type":"PropertyValueSpecification","valueRequired":true,"valueName":"search_term_string"}}],"inLanguage":"en-US"},{"@type":"Organization","@id":"https:\/\/www.sriviere.com\/en\/#organization","name":"SR Animation","url":"https:\/\/www.sriviere.com\/en\/","logo":{"@type":"ImageObject","inLanguage":"en-US","@id":"https:\/\/www.sriviere.com\/en\/#\/schema\/logo\/image\/","url":"https:\/\/www.sriviere.com\/wp-content\/uploads\/2024\/01\/cropped-favicon-1.png","contentUrl":"https:\/\/www.sriviere.com\/wp-content\/uploads\/2024\/01\/cropped-favicon-1.png","width":512,"height":512,"caption":"SR Animation"},"image":{"@id":"https:\/\/www.sriviere.com\/en\/#\/schema\/logo\/image\/"},"sameAs":["https:\/\/www.instagram.com\/sriviereanimation\/","https:\/\/youtube.com\/@sranimationprod"]}]}},"_links":{"self":[{"href":"https:\/\/www.sriviere.com\/en\/wp-json\/wp\/v2\/pages\/6767","targetHints":{"allow":["GET"]}}],"collection":[{"href":"https:\/\/www.sriviere.com\/en\/wp-json\/wp\/v2\/pages"}],"about":[{"href":"https:\/\/www.sriviere.com\/en\/wp-json\/wp\/v2\/types\/page"}],"author":[{"embeddable":true,"href":"https:\/\/www.sriviere.com\/en\/wp-json\/wp\/v2\/users\/1"}],"replies":[{"embeddable":true,"href":"https:\/\/www.sriviere.com\/en\/wp-json\/wp\/v2\/comments?post=6767"}],"version-history":[{"count":10,"href":"https:\/\/www.sriviere.com\/en\/wp-json\/wp\/v2\/pages\/6767\/revisions"}],"predecessor-version":[{"id":7564,"href":"https:\/\/www.sriviere.com\/en\/wp-json\/wp\/v2\/pages\/6767\/revisions\/7564"}],"wp:attachment":[{"href":"https:\/\/www.sriviere.com\/en\/wp-json\/wp\/v2\/media?parent=6767"}],"curies":[{"name":"wp","href":"https:\/\/api.w.org\/{rel}","templated":true}]}}