{"id":6773,"date":"2022-01-31T21:00:17","date_gmt":"2022-01-31T20:00:17","guid":{"rendered":"https:\/\/www.sriviere.com\/?page_id=6773"},"modified":"2022-02-10T23:54:15","modified_gmt":"2022-02-10T22:54:15","slug":"weddings","status":"publish","type":"page","link":"https:\/\/www.sriviere.com\/en\/weddings\/","title":{"rendered":"WEDDINGS"},"content":{"rendered":"<h2 style=\"text-align: center;\"><p class=\"responsive_text\" data-compression=\"36\" data-max=\"27\" data-min=\"16\" style=\"line-height:1em;font-size:30px\">YOUR WEDDING CAN BE ORGANIZED IN MANY DIFFERENT WAYS<br \/>\n<i class=\"iconfont theme-icon icon-arrow-down theme-icon-large\" style=\"color:#0000FF\"><\/i><\/p><\/h2>\n<h2 style=\"text-align: center;\"><p class=\"responsive_text\" data-compression=\"36\" data-max=\"27\" data-min=\"16\" style=\"line-height:1em;font-size:20px\">YOU HIRE ME AS :<\/p><\/h2>\n<h2 style=\"text-align: center;\"><p class=\"responsive_text\" data-compression=\"36\" data-max=\"27\" data-min=\"16\" style=\"line-height:1em;font-size:20px\">AND\/OR<\/p><\/h2>\n<div class=\"one_half\"><a id=\"button_id-4838\" href=\"https:\/\/www.sriviere.com\/disc-jockey\/\" target=\"_blank\" class=\"button large primary full no_woo_button\"><span>DISC JOCKEY<\/span><\/a><\/div> <div class=\"one_half last\"><a id=\"button_id-992\" href=\"https:\/\/www.sriviere.com\/chanteurs-musiciens\/\" target=\"_blank\" class=\"button large primary full no_woo_button\"><span>SINGERS MUSICIANS<\/span><\/a><\/div><div class=\"clearboth\"><\/div>\n<div class=\"divider\" style=\"border-color:rgba(255,255,255,1);padding-top:5px\"><\/div>\n<div class=\"one_half\">YOUR PARTY<div class=\"picture_frame alignright\"><img decoding=\"async\" width =\"106\" height=\"126\" alt=\"\" src=\"https:\/\/www.sriviere.com\/wp-content\/uploads\/strikingr\/images\/6413_REM_0376-106x126.jpg\" srcset=\"https:\/\/www.sriviere.com\/wp-content\/uploads\/strikingr\/images\/6413_REM_0376-106x126@2x.jpg 2x\" data-theme-retina-image=\"true\"  \/><\/div>\n<h4>The wedding can be organized in many different ways:<\/h4>\n<h4>You hire me as a Dj but you also have the opportunity to get a cocktail lounge atmosphere. For example, during the cocktail, one or several musicians are playing, the duo and trio being the most common. It can be a female and a male singer, a guitarist and a singer&#8230; ( Please refer to the cocktail lounge section)<\/h4>\n<h4>According to your taste and considering the three key moments of a wedding, which are: your arrival in the room, the ball opening and the wedding cake, we choose together a specific music for each moment.<\/h4>\n<h4>For more details click on <a href=\"https:\/\/www.sriviere.com\/descriptifs-materiel\/\">the button Equipment.<\/a><\/h4>\n<h4>NB : When we first meet I give you advices on your evening organisation, and I can suggest different service providers such as the caterer, the place of the ceremony&#8230;<\/h4>\n<h4>The price estimation is established according to your wishes and proposes two main options ( sound and light are always included).<\/h4>\n<h4>Prestation 1: DJ.<\/h4>\n<h4>Prestation 2: Cocktail Lounge( 1, 2 or 3 artists) for the pre-dinner drinks + DJ.<\/div> <div class=\"one_half last\">YOUR COCKTAIL LOUNGE<div class=\"picture_frame alignright\"><img decoding=\"async\" width =\"106\" height=\"126\" alt=\"\" src=\"https:\/\/www.sriviere.com\/wp-content\/uploads\/strikingr\/images\/6412_LA-CEREMONIE-LAIQUE-318-106x126.jpg\" srcset=\"https:\/\/www.sriviere.com\/wp-content\/uploads\/strikingr\/images\/6412_LA-CEREMONIE-LAIQUE-318-106x126@2x.jpg 2x\" data-theme-retina-image=\"true\"  \/><\/div><\/h4>\n<h4 id=\"tw-target-text\" class=\"tw-data-text tw-text-large tw-ta\" dir=\"ltr\" data-placeholder=\"Traduction\"><span class=\"Y2IQFc\" lang=\"en\">During the cocktail, you choose the number of musicians you want, the duet and the trio being generally the most requested<\/span>. (Ex. Chanteur-Chanteuse; Saxo; Guitariste- Chanteur\u2026).<\/h4>\n<h4 id=\"tw-target-text\" class=\"tw-data-text tw-text-large tw-ta\" dir=\"ltr\" data-placeholder=\"Traduction\"><span class=\"Y2IQFc\" lang=\"en\">Generally we start with jazzy or lounge type music to bring a warm atmosphere. Thereafter, and depending on the receptivity of the guests, we continue with more festive international variety.<\/span><\/h4>\n<div id=\"tw-target-text-container\" class=\"tw-ta-container F0azHf tw-nfl\" tabindex=\"0\">\n<h4 id=\"tw-target-text\" class=\"tw-data-text tw-text-large tw-ta\" dir=\"ltr\" data-placeholder=\"Traduction\"><span class=\"Y2IQFc\" lang=\"en\">We also add sound to your secular or religious ceremonies before the aperitif.<\/span><\/h4>\n<\/div>\n<div id=\"tw-target-rmn-container\" class=\"tw-target-rmn tw-ta-container F0azHf tw-nfl\">\n<p id=\"tw-target-rmn\" class=\"tw-data-placeholder tw-text-small tw-ta\" dir=\"ltr\" style=\"text-align: center;\"><\/div><div class=\"clearboth\"><\/div>\n<h3 style=\"text-align: left;\"><strong>EXAMPLE WITH LEA &amp; KEVIN<\/strong><\/h3>\n<div class='video_frame' data-ratio='1.5' style='width:1920px;height:1280px'><iframe class='vimeo' style='height:100%;width:100%' src='https:\/\/player.vimeo.com\/video\/671430021?title=0&amp;byline=0&amp;portrait=0&amp;autoplay=0&amp;loop=0' width='100%' height='100%' frameborder='0' webkitAllowFullScreen mozallowfullscreen allowFullScreen><\/iframe><\/div>\n<\/div>\n<p>&nbsp;<\/p>\n","protected":false},"excerpt":{"rendered":"<p>EXAMPLE WITH LEA &amp; KEVIN &nbsp;<\/p>\n","protected":false},"author":1,"featured_media":0,"parent":0,"menu_order":0,"comment_status":"closed","ping_status":"closed","template":"","meta":{"footnotes":""},"class_list":["post-6773","page","type-page","status-publish","hentry"],"yoast_head":"<!-- This site is optimized with the Yoast SEO plugin v27.0 - https:\/\/yoast.com\/product\/yoast-seo-wordpress\/ -->\n<title>WEDDINGS | DJ mariages &amp; soir\u00e9es priv\u00e9es<\/title>\n<meta name=\"robots\" content=\"index, follow, max-snippet:-1, max-image-preview:large, max-video-preview:-1\" \/>\n<link rel=\"canonical\" href=\"https:\/\/www.sriviere.com\/mariages\/\" \/>\n<meta property=\"og:locale\" content=\"en_US\" \/>\n<meta property=\"og:type\" content=\"article\" \/>\n<meta property=\"og:title\" content=\"WEDDINGS | DJ mariages &amp; soir\u00e9es priv\u00e9es\" \/>\n<meta property=\"og:description\" content=\"EXAMPLE WITH LEA &amp; KEVIN &nbsp;\" \/>\n<meta property=\"og:url\" content=\"https:\/\/www.sriviere.com\/mariages\/\" \/>\n<meta property=\"og:site_name\" content=\"DJ mariages &amp; soir\u00e9es priv\u00e9es\" \/>\n<meta property=\"article:modified_time\" content=\"2022-02-10T22:54:15+00:00\" \/>\n<meta property=\"og:image\" content=\"https:\/\/www.sriviere.com\/wp-content\/uploads\/2024\/04\/banniere-you-tube-copie.jpeg\" \/>\n\t<meta property=\"og:image:width\" content=\"1200\" \/>\n\t<meta property=\"og:image:height\" content=\"675\" \/>\n\t<meta property=\"og:image:type\" content=\"image\/jpeg\" \/>\n<meta name=\"twitter:card\" content=\"summary_large_image\" \/>\n<meta name=\"twitter:label1\" content=\"Est. reading time\" \/>\n\t<meta name=\"twitter:data1\" content=\"2 minutes\" \/>\n<script type=\"application\/ld+json\" class=\"yoast-schema-graph\">{\"@context\":\"https:\/\/schema.org\",\"@graph\":[{\"@type\":\"WebPage\",\"@id\":\"https:\/\/www.sriviere.com\/mariages\/\",\"url\":\"https:\/\/www.sriviere.com\/mariages\/\",\"name\":\"WEDDINGS | DJ mariages &amp; soir\u00e9es priv\u00e9es\",\"isPartOf\":{\"@id\":\"https:\/\/www.sriviere.com\/en\/#website\"},\"datePublished\":\"2022-01-31T20:00:17+00:00\",\"dateModified\":\"2022-02-10T22:54:15+00:00\",\"breadcrumb\":{\"@id\":\"https:\/\/www.sriviere.com\/mariages\/#breadcrumb\"},\"inLanguage\":\"en-US\",\"potentialAction\":[{\"@type\":\"ReadAction\",\"target\":[\"https:\/\/www.sriviere.com\/mariages\/\"]}]},{\"@type\":\"BreadcrumbList\",\"@id\":\"https:\/\/www.sriviere.com\/mariages\/#breadcrumb\",\"itemListElement\":[{\"@type\":\"ListItem\",\"position\":1,\"name\":\"Accueil\",\"item\":\"https:\/\/www.sriviere.com\/en\/wedding-dj-live-music-provence-french-riviera\/\"},{\"@type\":\"ListItem\",\"position\":2,\"name\":\"WEDDINGS\"}]},{\"@type\":\"WebSite\",\"@id\":\"https:\/\/www.sriviere.com\/en\/#website\",\"url\":\"https:\/\/www.sriviere.com\/en\/\",\"name\":\"SR Animation \u2013 DJ Mariage & \u00c9v\u00e9nement\",\"description\":\"R\u00e9ussir vos animations en R\u00e9gion PACA\",\"publisher\":{\"@id\":\"https:\/\/www.sriviere.com\/en\/#organization\"},\"potentialAction\":[{\"@type\":\"SearchAction\",\"target\":{\"@type\":\"EntryPoint\",\"urlTemplate\":\"https:\/\/www.sriviere.com\/en\/?s={search_term_string}\"},\"query-input\":{\"@type\":\"PropertyValueSpecification\",\"valueRequired\":true,\"valueName\":\"search_term_string\"}}],\"inLanguage\":\"en-US\"},{\"@type\":\"Organization\",\"@id\":\"https:\/\/www.sriviere.com\/en\/#organization\",\"name\":\"SR Animation\",\"url\":\"https:\/\/www.sriviere.com\/en\/\",\"logo\":{\"@type\":\"ImageObject\",\"inLanguage\":\"en-US\",\"@id\":\"https:\/\/www.sriviere.com\/en\/#\/schema\/logo\/image\/\",\"url\":\"https:\/\/www.sriviere.com\/wp-content\/uploads\/2024\/01\/cropped-favicon-1.png\",\"contentUrl\":\"https:\/\/www.sriviere.com\/wp-content\/uploads\/2024\/01\/cropped-favicon-1.png\",\"width\":512,\"height\":512,\"caption\":\"SR Animation\"},\"image\":{\"@id\":\"https:\/\/www.sriviere.com\/en\/#\/schema\/logo\/image\/\"},\"sameAs\":[\"https:\/\/www.instagram.com\/sriviereanimation\/\",\"https:\/\/youtube.com\/@sranimationprod\"]}]}<\/script>\n<!-- \/ Yoast SEO plugin. -->","yoast_head_json":{"title":"WEDDINGS | DJ mariages &amp; soir\u00e9es priv\u00e9es","robots":{"index":"index","follow":"follow","max-snippet":"max-snippet:-1","max-image-preview":"max-image-preview:large","max-video-preview":"max-video-preview:-1"},"canonical":"https:\/\/www.sriviere.com\/mariages\/","og_locale":"en_US","og_type":"article","og_title":"WEDDINGS | DJ mariages &amp; soir\u00e9es priv\u00e9es","og_description":"EXAMPLE WITH LEA &amp; KEVIN &nbsp;","og_url":"https:\/\/www.sriviere.com\/mariages\/","og_site_name":"DJ mariages &amp; soir\u00e9es priv\u00e9es","article_modified_time":"2022-02-10T22:54:15+00:00","og_image":[{"width":1200,"height":675,"url":"https:\/\/www.sriviere.com\/wp-content\/uploads\/2024\/04\/banniere-you-tube-copie.jpeg","type":"image\/jpeg"}],"twitter_card":"summary_large_image","twitter_misc":{"Est. reading time":"2 minutes"},"schema":{"@context":"https:\/\/schema.org","@graph":[{"@type":"WebPage","@id":"https:\/\/www.sriviere.com\/mariages\/","url":"https:\/\/www.sriviere.com\/mariages\/","name":"WEDDINGS | DJ mariages &amp; soir\u00e9es priv\u00e9es","isPartOf":{"@id":"https:\/\/www.sriviere.com\/en\/#website"},"datePublished":"2022-01-31T20:00:17+00:00","dateModified":"2022-02-10T22:54:15+00:00","breadcrumb":{"@id":"https:\/\/www.sriviere.com\/mariages\/#breadcrumb"},"inLanguage":"en-US","potentialAction":[{"@type":"ReadAction","target":["https:\/\/www.sriviere.com\/mariages\/"]}]},{"@type":"BreadcrumbList","@id":"https:\/\/www.sriviere.com\/mariages\/#breadcrumb","itemListElement":[{"@type":"ListItem","position":1,"name":"Accueil","item":"https:\/\/www.sriviere.com\/en\/wedding-dj-live-music-provence-french-riviera\/"},{"@type":"ListItem","position":2,"name":"WEDDINGS"}]},{"@type":"WebSite","@id":"https:\/\/www.sriviere.com\/en\/#website","url":"https:\/\/www.sriviere.com\/en\/","name":"SR Animation \u2013 DJ Mariage & \u00c9v\u00e9nement","description":"R\u00e9ussir vos animations en R\u00e9gion PACA","publisher":{"@id":"https:\/\/www.sriviere.com\/en\/#organization"},"potentialAction":[{"@type":"SearchAction","target":{"@type":"EntryPoint","urlTemplate":"https:\/\/www.sriviere.com\/en\/?s={search_term_string}"},"query-input":{"@type":"PropertyValueSpecification","valueRequired":true,"valueName":"search_term_string"}}],"inLanguage":"en-US"},{"@type":"Organization","@id":"https:\/\/www.sriviere.com\/en\/#organization","name":"SR Animation","url":"https:\/\/www.sriviere.com\/en\/","logo":{"@type":"ImageObject","inLanguage":"en-US","@id":"https:\/\/www.sriviere.com\/en\/#\/schema\/logo\/image\/","url":"https:\/\/www.sriviere.com\/wp-content\/uploads\/2024\/01\/cropped-favicon-1.png","contentUrl":"https:\/\/www.sriviere.com\/wp-content\/uploads\/2024\/01\/cropped-favicon-1.png","width":512,"height":512,"caption":"SR Animation"},"image":{"@id":"https:\/\/www.sriviere.com\/en\/#\/schema\/logo\/image\/"},"sameAs":["https:\/\/www.instagram.com\/sriviereanimation\/","https:\/\/youtube.com\/@sranimationprod"]}]}},"_links":{"self":[{"href":"https:\/\/www.sriviere.com\/en\/wp-json\/wp\/v2\/pages\/6773","targetHints":{"allow":["GET"]}}],"collection":[{"href":"https:\/\/www.sriviere.com\/en\/wp-json\/wp\/v2\/pages"}],"about":[{"href":"https:\/\/www.sriviere.com\/en\/wp-json\/wp\/v2\/types\/page"}],"author":[{"embeddable":true,"href":"https:\/\/www.sriviere.com\/en\/wp-json\/wp\/v2\/users\/1"}],"replies":[{"embeddable":true,"href":"https:\/\/www.sriviere.com\/en\/wp-json\/wp\/v2\/comments?post=6773"}],"version-history":[{"count":19,"href":"https:\/\/www.sriviere.com\/en\/wp-json\/wp\/v2\/pages\/6773\/revisions"}],"predecessor-version":[{"id":7423,"href":"https:\/\/www.sriviere.com\/en\/wp-json\/wp\/v2\/pages\/6773\/revisions\/7423"}],"wp:attachment":[{"href":"https:\/\/www.sriviere.com\/en\/wp-json\/wp\/v2\/media?parent=6773"}],"curies":[{"name":"wp","href":"https:\/\/api.w.org\/{rel}","templated":true}]}}