{"id":6791,"date":"2022-01-31T21:00:30","date_gmt":"2022-01-31T20:00:30","guid":{"rendered":"https:\/\/www.sriviere.com\/?page_id=6791"},"modified":"2022-02-08T14:08:48","modified_gmt":"2022-02-08T13:08:48","slug":"private-parties","status":"publish","type":"page","link":"https:\/\/www.sriviere.com\/en\/private-parties\/","title":{"rendered":"PRIVATE PARTIES"},"content":{"rendered":"<h1>La fiesta tout au long de l&#8217;ann\u00e9e<\/h1>\n<div class=\"divider_padding\"><\/div>\n<h4>Voici ci dessous quelques exemples de types de soir\u00e9es que nous animons depuis 1993:<\/h4>\n<div class=\"one_fourth\"><ul class=\"list5 list_color_blue\">\n<li>Birthday<\/li>\n<li>Seminary<\/li>\n<li>Galas<\/li>\n<\/ul><\/div> <div class=\"one_fourth\"><ul class=\"list5 list_color_blue\">\n<li>Christmas Eve<\/li>\n<li>Saint Sylvestre<\/li>\n<li>Saint Valentin<\/li>\n<\/ul><\/div> <div class=\"one_fourth\"><ul class=\"list5 list_color_blue\">\n<li>Soir\u00e9e \u00e0 th\u00e8mes<\/li>\n<li>Fiancailles<\/li>\n<li>Associations diverses<\/li>\n<\/ul><\/div> <div class=\"one_fourth last\"><ul class=\"list5 list_color_blue\">\n<li>H\u00f4tels<\/li>\n<li>Rotary et Lion&#8217;s club<\/li>\n<li>Bals musette<\/li>\n<\/ul><\/div><div class=\"clearboth\"><\/div>\n<div class=\"divider_line\"><\/div>\n<h2><strong>Votre offre entreprise<\/strong><\/h2>\n<h4 id=\"tw-target-text\" class=\"tw-data-text tw-text-large tw-ta\" dir=\"ltr\" data-placeholder=\"Traduction\"><div id=\"content_box_00fcc398579453fc31b0f14b57b4046a\" class=\"content_box\">\n\t<div class=\"content_box_title\" style=\"background-color:rgba(245,245,245,1);\"><i class=\"theme-icon icon-camera\" style=\"color:#000000\"><\/i>Team building-congr\u00e8s-s\u00e9minaires...<\/div>\n\t<div class=\"content_box_content\">\n\t\t<p><\/p>\n\t\t<div class=\"content_box_space\"><\/div>\n\t<\/div>\n<\/div>\n\n\t\t\t<!-- START SLIDE ENTREPRISE REVOLUTION SLIDER 6.7.31 --><p class=\"rs-p-wp-fix\"><\/p>\n\t\t\t<rs-module-wrap id=\"rev_slider_5_1_wrapper\" data-source=\"gallery\" style=\"visibility:hidden;background:#E9E9E9;padding:0;margin:0px auto;margin-top:0;margin-bottom:0;\">\n\t\t\t\t<rs-module id=\"rev_slider_5_1\" class=\" rs-ov-hidden\" style=\"\" data-version=\"6.7.31\">\n\t\t\t\t\t<rs-slides style=\"overflow: hidden; position: absolute;\">\n\t\t\t\t\t\t<rs-slide style=\"position: absolute;\" data-key=\"rs-31\" data-title=\"Slide\" data-thumb=\"\/\/recette.sriviere.com\/wp-content\/uploads\/revslider\/video-media\/VERNEGUES-SLIDE_24.jpeg\" data-anim=\"adpr:false;ms:300;\" data-in=\"o:0;x:(100%);\" data-out=\"a:false;\">\n\t\t\t\t\t\t\t<img decoding=\"async\" src=\"\/\/www.sriviere.com\/wp-content\/plugins\/revslider\/sr6\/assets\/assets\/dummy.png\" alt=\"\" title=\"VERNEGUES-SLIDE_24.jpeg\" width=\"1920\" height=\"1080\" class=\"rev-slidebg tp-rs-img rs-lazyload\" data-lazyload=\"\/\/recette.sriviere.com\/wp-content\/uploads\/revslider\/video-media\/VERNEGUES-SLIDE_24.jpeg\" data-no-retina>\n\t\t\t\t\t\t\t<rs-bgvideo \n\t\t\t\t\t\t\t\tdata-video=\"w:100%;h:100%;nse:false;l:true;ptimer:false;vfc:true;\"\n\t\t\t\t\t\t\t\tdata-mp4=\"\/\/recette.sriviere.com\/wp-content\/uploads\/2022\/02\/VERNEGUES-SLIDE.mp4\"\n\t\t\t\t\t\t\t><\/rs-bgvideo>\n<!---->\t\t\t\t\t<\/rs-slide>\n\t\t\t\t\t\t<rs-slide style=\"position: absolute;\" data-key=\"rs-32\" data-title=\"Slide\" data-thumb=\"\/\/recette.sriviere.com\/wp-content\/uploads\/revslider\/video-media\/CRAM-SLIDE_25.jpeg\" data-anim=\"adpr:false;ms:300;\" data-in=\"o:0;x:(100%);\" data-out=\"a:false;\">\n\t\t\t\t\t\t\t<img decoding=\"async\" src=\"\/\/www.sriviere.com\/wp-content\/plugins\/revslider\/sr6\/assets\/assets\/dummy.png\" alt=\"\" title=\"CRAM-SLIDE_25.jpeg\" width=\"720\" height=\"420\" class=\"rev-slidebg tp-rs-img rs-lazyload\" data-lazyload=\"\/\/recette.sriviere.com\/wp-content\/uploads\/revslider\/video-media\/CRAM-SLIDE_25.jpeg\" data-no-retina>\n\t\t\t\t\t\t\t<rs-bgvideo \n\t\t\t\t\t\t\t\tdata-video=\"w:100%;h:100%;nse:false;l:true;ptimer:false;vfc:true;\"\n\t\t\t\t\t\t\t\tdata-mp4=\"\/\/recette.sriviere.com\/wp-content\/uploads\/2022\/02\/CRAM-SLIDE.mp4\"\n\t\t\t\t\t\t\t><\/rs-bgvideo>\n<!---->\t\t\t\t\t<\/rs-slide>\n\t\t\t\t\t<\/rs-slides>\n\t\t\t\t\t<rs-static-layers><!--\n\t\t\t\t\t--><\/rs-static-layers>\n\t\t\t\t<\/rs-module>\n\t\t\t\t<script>\n\t\t\t\t\tsetREVStartSize({c: 'rev_slider_5_1',rl:[1240,1024,778,480],el:[600],gw:[1440],gh:[600],type:'standard',justify:'',layout:'fullwidth',mh:\"0\"});if (window.RS_MODULES!==undefined && window.RS_MODULES.modules!==undefined && window.RS_MODULES.modules[\"revslider51\"]!==undefined) {window.RS_MODULES.modules[\"revslider51\"].once = false;window.revapi5 = undefined;if (window.RS_MODULES.checkMinimal!==undefined) window.RS_MODULES.checkMinimal()}\n\t\t\t\t<\/script>\n\t\t\t<\/rs-module-wrap>\n\t\t\t<!-- END REVOLUTION SLIDER -->\n[\/rev_slider] <span class=\"Y2IQFc\" lang=\"en\">An appointment prior to the evening is required face-to-face or remotely for your seminars, congresses, end-of-year parties and cocktail parties. We have thought of everything you would need such as sound, lighting, musical programming and even video projection. Our musicians and singers will give an original and artistic note to your cocktail and our top-notch services will meet all your specific requests. <\/span><div class=\"divider_padding\"><\/div><\/h4>\n<div class=\"divider\" style=\"border-color:rgba(255,255,255,1);margin-bottom:20px\"><\/div>\n<h2><strong>Votre offre bals musette<\/strong><\/h2>\n<h4><div id=\"content_box_6548787e65a17f8c614dcc50378f84fe\" class=\"content_box\">\n\t<div class=\"content_box_title\" style=\"background-color:rgba(245,245,245,1);\"><i class=\"theme-icon icon-camera\" style=\"color:#000000\"><\/i>Bals populaires-th\u00e9 dansant-f\u00eates...<\/div>\n\t<div class=\"content_box_content\">\n\t\t<p><\/p>\n\t\t<div class=\"content_box_space\"><\/div>\n\t<\/div>\n<\/div>\n\n\t\t\t<!-- START REV SLIDE MUSETTE REVOLUTION SLIDER 6.7.31 --><p class=\"rs-p-wp-fix\"><\/p>\n\t\t\t<rs-module-wrap id=\"rev_slider_4_2_wrapper\" data-source=\"gallery\" style=\"visibility:hidden;background:#E9E9E9;padding:0;margin:0px auto;margin-top:0;margin-bottom:0;\">\n\t\t\t\t<rs-module id=\"rev_slider_4_2\" class=\" rs-ov-hidden\" style=\"\" data-version=\"6.7.31\">\n\t\t\t\t\t<rs-slides style=\"overflow: hidden; position: absolute;\">\n\t\t\t\t\t\t<rs-slide style=\"position: absolute;\" data-key=\"rs-21\" data-title=\"Entreprise English 1\" data-thumb=\"\/\/recette.sriviere.com\/wp-content\/uploads\/2022\/02\/revolution-team-building.jpeg\" data-anim=\"adpr:false;ms:300;\" data-in=\"o:0;x:(100%);\" data-out=\"a:false;\">\n\t\t\t\t\t\t\t<img decoding=\"async\" src=\"\/\/www.sriviere.com\/wp-content\/plugins\/revslider\/sr6\/assets\/assets\/dummy.png\" alt=\"\" title=\"revolution team building\" width=\"1439\" height=\"599\" class=\"rev-slidebg tp-rs-img rs-lazyload\" data-lazyload=\"\/\/recette.sriviere.com\/wp-content\/uploads\/2022\/02\/revolution-team-building.jpeg\" data-no-retina>\n<!--\n\t\t\t\t\t\t\t--><rs-layer\n\t\t\t\t\t\t\t\tid=\"slider-4-slide-21-layer-1\" \n\t\t\t\t\t\t\t\tclass=\"rev_title\"\n\t\t\t\t\t\t\t\tdata-type=\"text\"\n\t\t\t\t\t\t\t\tdata-color=\"#ffffff\"\n\t\t\t\t\t\t\t\tdata-rsp_ch=\"on\"\n\t\t\t\t\t\t\t\tdata-xy=\"x:73px;y:52px;\"\n\t\t\t\t\t\t\t\tdata-text=\"s:42;l:43;fw:100;\"\n\t\t\t\t\t\t\t\tdata-frame_1=\"e:easeOutExpo;st:550;sp:3140;sR:550;\"\n\t\t\t\t\t\t\t\tdata-frame_999=\"st:w;sp:1290;sR:5110;auto:true;\"\n\t\t\t\t\t\t\t\tstyle=\"z-index:9;background-color:#14177e;font-family:'Times New Roman', 'Times', 'serif';\"\n\t\t\t\t\t\t\t>Team building - seminary ... \n\t\t\t\t\t\t\t<\/rs-layer><!--\n-->\t\t\t\t\t<\/rs-slide>\n\t\t\t\t\t\t<rs-slide style=\"position: absolute;\" data-key=\"rs-22\" data-title=\"Slide English slide 2\" data-thumb=\"\/\/recette.sriviere.com\/wp-content\/uploads\/revslider\/video-media\/Musette-media-slide-revotion_15.jpeg\" data-anim=\"adpr:false;ms:300;\" data-in=\"o:0;x:(100%);\" data-out=\"a:false;\">\n\t\t\t\t\t\t\t<img decoding=\"async\" src=\"\/\/www.sriviere.com\/wp-content\/plugins\/revslider\/sr6\/assets\/assets\/dummy.png\" alt=\"\" title=\"Musette-media-slide-revotion_15.jpeg\" width=\"1920\" height=\"1080\" class=\"rev-slidebg tp-rs-img rs-lazyload\" data-lazyload=\"\/\/recette.sriviere.com\/wp-content\/uploads\/revslider\/video-media\/Musette-media-slide-revotion_15.jpeg\" data-no-retina>\n\t\t\t\t\t\t\t<rs-bgvideo \n\t\t\t\t\t\t\t\tdata-video=\"w:100%;h:100%;nse:false;l:true;ptimer:false;vfc:true;\"\n\t\t\t\t\t\t\t\tdata-mp4=\"\/\/recette.sriviere.com\/wp-content\/uploads\/2022\/02\/Musette-media-slide-revotion.mov\"\n\t\t\t\t\t\t\t><\/rs-bgvideo>\n<!--\n\t\t\t\t\t\t\t--><rs-layer\n\t\t\t\t\t\t\t\tid=\"slider-4-slide-22-layer-2\" \n\t\t\t\t\t\t\t\tclass=\"support_text\"\n\t\t\t\t\t\t\t\tdata-type=\"text\"\n\t\t\t\t\t\t\t\tdata-color=\"#ffffff\"\n\t\t\t\t\t\t\t\tdata-rsp_ch=\"on\"\n\t\t\t\t\t\t\t\tdata-xy=\"x:68px;y:60px;\"\n\t\t\t\t\t\t\t\tdata-text=\"s:44;l:31;fw:100;\"\n\t\t\t\t\t\t\t\tdata-dim=\"w:473px;h:37;\"\n\t\t\t\t\t\t\t\tdata-frame_0=\"y:-60px;\"\n\t\t\t\t\t\t\t\tdata-frame_1=\"e:easeInQuad;st:690;sp:1370;sR:690;\"\n\t\t\t\t\t\t\t\tdata-frame_999=\"st:w;sp:0;sR:6740;auto:true;\"\n\t\t\t\t\t\t\t\tstyle=\"z-index:6;background-color:#14177e;font-family:'Arial';\"\n\t\t\t\t\t\t\t>OLD SCHOOL PARTY \n\t\t\t\t\t\t\t<\/rs-layer><!--\n-->\t\t\t\t\t<\/rs-slide>\n\t\t\t\t\t\t<rs-slide style=\"position: absolute;\" data-key=\"rs-23\" data-title=\"Slide English slide3\" data-thumb=\"\/\/recette.sriviere.com\/wp-content\/uploads\/revslider\/video-media\/slide-rev-cremaillere_16.jpeg\" data-anim=\"adpr:false;ms:300;\" data-in=\"o:0;x:(100%);\" data-out=\"a:false;\">\n\t\t\t\t\t\t\t<img decoding=\"async\" src=\"\/\/www.sriviere.com\/wp-content\/plugins\/revslider\/sr6\/assets\/assets\/dummy.png\" alt=\"\" title=\"slide-rev-cremaillere_16.jpeg\" width=\"1280\" height=\"720\" class=\"rev-slidebg tp-rs-img rs-lazyload\" data-lazyload=\"\/\/recette.sriviere.com\/wp-content\/uploads\/revslider\/video-media\/slide-rev-cremaillere_16.jpeg\" data-no-retina>\n\t\t\t\t\t\t\t<rs-bgvideo \n\t\t\t\t\t\t\t\tdata-video=\"w:100%;h:100%;nse:false;l:true;ptimer:false;vfc:true;\"\n\t\t\t\t\t\t\t\tdata-mp4=\"\/\/recette.sriviere.com\/wp-content\/uploads\/2022\/02\/slide-rev-cremaillere.mp4\"\n\t\t\t\t\t\t\t><\/rs-bgvideo>\n<!--\n\t\t\t\t\t\t\t--><rs-layer\n\t\t\t\t\t\t\t\tid=\"slider-4-slide-23-layer-9\" \n\t\t\t\t\t\t\t\tclass=\"label_text\"\n\t\t\t\t\t\t\t\tdata-type=\"text\"\n\t\t\t\t\t\t\t\tdata-color=\"rgba(255, 255, 255, 1)\"\n\t\t\t\t\t\t\t\tdata-rsp_ch=\"on\"\n\t\t\t\t\t\t\t\tdata-xy=\"x:r;xo:69px;y:c;yo:-228px;\"\n\t\t\t\t\t\t\t\tdata-text=\"s:34;l:35;\"\n\t\t\t\t\t\t\t\tdata-padding=\"t:14;r:14;b:14;l:14;\"\n\t\t\t\t\t\t\t\tdata-frame_0=\"y:bottom;o:1;\"\n\t\t\t\t\t\t\t\tdata-frame_1=\"e:easeOutBack;st:670;sp:1630;sR:670;\"\n\t\t\t\t\t\t\t\tdata-frame_999=\"st:w;sp:0;sR:6500;auto:true;\"\n\t\t\t\t\t\t\t\tstyle=\"z-index:13;background-color:#0500a5;font-family:'Arial';\"\n\t\t\t\t\t\t\t>Birthday, house-warming party...\n \n\t\t\t\t\t\t\t<\/rs-layer><!--\n-->\t\t\t\t\t<\/rs-slide>\n\t\t\t\t\t<\/rs-slides>\n\t\t\t\t\t<rs-static-layers><!--\n\t\t\t\t\t--><\/rs-static-layers>\n\t\t\t\t<\/rs-module>\n\t\t\t\t<script>\n\t\t\t\t\tsetREVStartSize({c: 'rev_slider_4_2',rl:[1240,1024,778,480],el:[600],gw:[1440],gh:[600],type:'standard',justify:'',layout:'fullwidth',mh:\"0\"});if (window.RS_MODULES!==undefined && window.RS_MODULES.modules!==undefined && window.RS_MODULES.modules[\"revslider42\"]!==undefined) {window.RS_MODULES.modules[\"revslider42\"].once = false;window.revapi4 = undefined;if (window.RS_MODULES.checkMinimal!==undefined) window.RS_MODULES.checkMinimal()}\n\t\t\t\t<\/script>\n\t\t\t<\/rs-module-wrap>\n\t\t\t<!-- END REVOLUTION SLIDER -->\n Tango, Madison, Bol\u00e9ro, Slows, Rock, Bebop&#8230; autant de styles qui viendront habiller votre apr\u00e8s midi ou soir\u00e9e musette. J&#8217;anime depuis l&#8217;ann\u00e9e 2010 les voyages de Sabardu tourisme, ma seconde famille de coeur. Autant dire que j&#8217;ai l&#8217;habitude de mon public que l&#8217;on ne va pas qualifier d&#8217;\u00e2g\u00e9s car ils seraient vex\u00e9s mais plut\u00f4t de seniors qui, entre parenth\u00e8se, savent encore s&#8217;amuser comme des petits fous! Nous pouvons vous proposer nos taxis boys partenaires \u00e9galement! Et n&#8217;oubliez pas que nous animons votre cocktail en tant que chanteur \u00e9galement.<div class=\"divider_padding\"><\/div><\/h4>\n<div class=\"divider\" style=\"border-color:rgba(255,255,255,1);margin-bottom:20px\"><\/div>\n<h2><strong>Votre offre cr\u00e9maill\u00e8re, anniversaire&#8230;<\/strong><\/h2>\n<h4><div id=\"content_box_2e9303bfd954e881d0d59b9d6956ee25\" class=\"content_box\">\n\t<div class=\"content_box_title\" style=\"background-color:rgba(245,245,245,1);\"><i class=\"theme-icon icon-camera\" style=\"color:#000000\"><\/i>F\u00eater enfin la fin des travaux!<\/div>\n\t<div class=\"content_box_content\">\n\t\t<p><\/p>\n\t\t<div class=\"content_box_space\"><\/div>\n\t<\/div>\n<\/div>\n<div class=\"slide-shortcode-wrap \" data-width=\"585\" ><\/div> Au beau jour, la maison est termin\u00e9e et pourquoi ne pas inviter tous les amis et la famille \u00e0 c\u00e9l\u00e9brer ce moment tant attendu. Comme dans toute bonne soir\u00e9e qui se respecte, on peut commencer par un petit cocktail avec des guitaristes acoustiques et continuer \u00e0 danser apr\u00e8s le d\u00e9jeuner ou d\u00eener en compagnie de DJ SR Animation.<div class=\"divider_padding\"><\/div><\/h4>\n<p>&nbsp;<\/p>\n","protected":false},"excerpt":{"rendered":"<p>La fiesta tout au long de l&#8217;ann\u00e9e Voici ci dessous quelques exemples de types de soir\u00e9es que nous animons depuis 1993: Votre offre entreprise [\/rev_slider] An appointment prior to the evening is required face-to-face or remotely for your seminars, congresses, end-of-year parties and cocktail parties. We have thought of everything you would need such as &#8230;<\/p>\n","protected":false},"author":1,"featured_media":0,"parent":0,"menu_order":0,"comment_status":"closed","ping_status":"closed","template":"","meta":{"footnotes":""},"class_list":["post-6791","page","type-page","status-publish","hentry"],"yoast_head":"<!-- This site is optimized with the Yoast SEO plugin v27.0 - https:\/\/yoast.com\/product\/yoast-seo-wordpress\/ -->\n<title>PRIVATE PARTIES | DJ mariages &amp; soir\u00e9es priv\u00e9es<\/title>\n<meta name=\"robots\" content=\"index, follow, max-snippet:-1, max-image-preview:large, max-video-preview:-1\" \/>\n<link rel=\"canonical\" href=\"https:\/\/www.sriviere.com\/soirees-privees\/\" \/>\n<meta property=\"og:locale\" content=\"en_US\" \/>\n<meta property=\"og:type\" content=\"article\" \/>\n<meta property=\"og:title\" content=\"PRIVATE PARTIES | DJ mariages &amp; soir\u00e9es priv\u00e9es\" \/>\n<meta property=\"og:description\" content=\"La fiesta tout au long de l&#8217;ann\u00e9e Voici ci dessous quelques exemples de types de soir\u00e9es que nous animons depuis 1993: Votre offre entreprise [\/rev_slider] An appointment prior to the evening is required face-to-face or remotely for your seminars, congresses, end-of-year parties and cocktail parties. We have thought of everything you would need such as ...\" \/>\n<meta property=\"og:url\" content=\"https:\/\/www.sriviere.com\/soirees-privees\/\" \/>\n<meta property=\"og:site_name\" content=\"DJ mariages &amp; soir\u00e9es priv\u00e9es\" \/>\n<meta property=\"article:modified_time\" content=\"2022-02-08T13:08:48+00:00\" \/>\n<meta property=\"og:image\" content=\"https:\/\/www.sriviere.com\/wp-content\/uploads\/2024\/04\/banniere-you-tube-copie.jpeg\" \/>\n\t<meta property=\"og:image:width\" content=\"1200\" \/>\n\t<meta property=\"og:image:height\" content=\"675\" \/>\n\t<meta property=\"og:image:type\" content=\"image\/jpeg\" \/>\n<meta name=\"twitter:card\" content=\"summary_large_image\" \/>\n<meta name=\"twitter:label1\" content=\"Est. reading time\" \/>\n\t<meta name=\"twitter:data1\" content=\"2 minutes\" \/>\n<script type=\"application\/ld+json\" class=\"yoast-schema-graph\">{\"@context\":\"https:\/\/schema.org\",\"@graph\":[{\"@type\":\"WebPage\",\"@id\":\"https:\/\/www.sriviere.com\/soirees-privees\/\",\"url\":\"https:\/\/www.sriviere.com\/soirees-privees\/\",\"name\":\"PRIVATE PARTIES | DJ mariages &amp; soir\u00e9es priv\u00e9es\",\"isPartOf\":{\"@id\":\"https:\/\/www.sriviere.com\/en\/#website\"},\"datePublished\":\"2022-01-31T20:00:30+00:00\",\"dateModified\":\"2022-02-08T13:08:48+00:00\",\"breadcrumb\":{\"@id\":\"https:\/\/www.sriviere.com\/soirees-privees\/#breadcrumb\"},\"inLanguage\":\"en-US\",\"potentialAction\":[{\"@type\":\"ReadAction\",\"target\":[\"https:\/\/www.sriviere.com\/soirees-privees\/\"]}]},{\"@type\":\"BreadcrumbList\",\"@id\":\"https:\/\/www.sriviere.com\/soirees-privees\/#breadcrumb\",\"itemListElement\":[{\"@type\":\"ListItem\",\"position\":1,\"name\":\"Accueil\",\"item\":\"https:\/\/www.sriviere.com\/en\/wedding-dj-live-music-provence-french-riviera\/\"},{\"@type\":\"ListItem\",\"position\":2,\"name\":\"PRIVATE PARTIES\"}]},{\"@type\":\"WebSite\",\"@id\":\"https:\/\/www.sriviere.com\/en\/#website\",\"url\":\"https:\/\/www.sriviere.com\/en\/\",\"name\":\"SR Animation \u2013 DJ Mariage & \u00c9v\u00e9nement\",\"description\":\"R\u00e9ussir vos animations en R\u00e9gion PACA\",\"publisher\":{\"@id\":\"https:\/\/www.sriviere.com\/en\/#organization\"},\"potentialAction\":[{\"@type\":\"SearchAction\",\"target\":{\"@type\":\"EntryPoint\",\"urlTemplate\":\"https:\/\/www.sriviere.com\/en\/?s={search_term_string}\"},\"query-input\":{\"@type\":\"PropertyValueSpecification\",\"valueRequired\":true,\"valueName\":\"search_term_string\"}}],\"inLanguage\":\"en-US\"},{\"@type\":\"Organization\",\"@id\":\"https:\/\/www.sriviere.com\/en\/#organization\",\"name\":\"SR Animation\",\"url\":\"https:\/\/www.sriviere.com\/en\/\",\"logo\":{\"@type\":\"ImageObject\",\"inLanguage\":\"en-US\",\"@id\":\"https:\/\/www.sriviere.com\/en\/#\/schema\/logo\/image\/\",\"url\":\"https:\/\/www.sriviere.com\/wp-content\/uploads\/2024\/01\/cropped-favicon-1.png\",\"contentUrl\":\"https:\/\/www.sriviere.com\/wp-content\/uploads\/2024\/01\/cropped-favicon-1.png\",\"width\":512,\"height\":512,\"caption\":\"SR Animation\"},\"image\":{\"@id\":\"https:\/\/www.sriviere.com\/en\/#\/schema\/logo\/image\/\"},\"sameAs\":[\"https:\/\/www.instagram.com\/sriviereanimation\/\",\"https:\/\/youtube.com\/@sranimationprod\"]}]}<\/script>\n<!-- \/ Yoast SEO plugin. -->","yoast_head_json":{"title":"PRIVATE PARTIES | DJ mariages &amp; soir\u00e9es priv\u00e9es","robots":{"index":"index","follow":"follow","max-snippet":"max-snippet:-1","max-image-preview":"max-image-preview:large","max-video-preview":"max-video-preview:-1"},"canonical":"https:\/\/www.sriviere.com\/soirees-privees\/","og_locale":"en_US","og_type":"article","og_title":"PRIVATE PARTIES | DJ mariages &amp; soir\u00e9es priv\u00e9es","og_description":"La fiesta tout au long de l&#8217;ann\u00e9e Voici ci dessous quelques exemples de types de soir\u00e9es que nous animons depuis 1993: Votre offre entreprise [\/rev_slider] An appointment prior to the evening is required face-to-face or remotely for your seminars, congresses, end-of-year parties and cocktail parties. We have thought of everything you would need such as ...","og_url":"https:\/\/www.sriviere.com\/soirees-privees\/","og_site_name":"DJ mariages &amp; soir\u00e9es priv\u00e9es","article_modified_time":"2022-02-08T13:08:48+00:00","og_image":[{"width":1200,"height":675,"url":"https:\/\/www.sriviere.com\/wp-content\/uploads\/2024\/04\/banniere-you-tube-copie.jpeg","type":"image\/jpeg"}],"twitter_card":"summary_large_image","twitter_misc":{"Est. reading time":"2 minutes"},"schema":{"@context":"https:\/\/schema.org","@graph":[{"@type":"WebPage","@id":"https:\/\/www.sriviere.com\/soirees-privees\/","url":"https:\/\/www.sriviere.com\/soirees-privees\/","name":"PRIVATE PARTIES | DJ mariages &amp; soir\u00e9es priv\u00e9es","isPartOf":{"@id":"https:\/\/www.sriviere.com\/en\/#website"},"datePublished":"2022-01-31T20:00:30+00:00","dateModified":"2022-02-08T13:08:48+00:00","breadcrumb":{"@id":"https:\/\/www.sriviere.com\/soirees-privees\/#breadcrumb"},"inLanguage":"en-US","potentialAction":[{"@type":"ReadAction","target":["https:\/\/www.sriviere.com\/soirees-privees\/"]}]},{"@type":"BreadcrumbList","@id":"https:\/\/www.sriviere.com\/soirees-privees\/#breadcrumb","itemListElement":[{"@type":"ListItem","position":1,"name":"Accueil","item":"https:\/\/www.sriviere.com\/en\/wedding-dj-live-music-provence-french-riviera\/"},{"@type":"ListItem","position":2,"name":"PRIVATE PARTIES"}]},{"@type":"WebSite","@id":"https:\/\/www.sriviere.com\/en\/#website","url":"https:\/\/www.sriviere.com\/en\/","name":"SR Animation \u2013 DJ Mariage & \u00c9v\u00e9nement","description":"R\u00e9ussir vos animations en R\u00e9gion PACA","publisher":{"@id":"https:\/\/www.sriviere.com\/en\/#organization"},"potentialAction":[{"@type":"SearchAction","target":{"@type":"EntryPoint","urlTemplate":"https:\/\/www.sriviere.com\/en\/?s={search_term_string}"},"query-input":{"@type":"PropertyValueSpecification","valueRequired":true,"valueName":"search_term_string"}}],"inLanguage":"en-US"},{"@type":"Organization","@id":"https:\/\/www.sriviere.com\/en\/#organization","name":"SR Animation","url":"https:\/\/www.sriviere.com\/en\/","logo":{"@type":"ImageObject","inLanguage":"en-US","@id":"https:\/\/www.sriviere.com\/en\/#\/schema\/logo\/image\/","url":"https:\/\/www.sriviere.com\/wp-content\/uploads\/2024\/01\/cropped-favicon-1.png","contentUrl":"https:\/\/www.sriviere.com\/wp-content\/uploads\/2024\/01\/cropped-favicon-1.png","width":512,"height":512,"caption":"SR Animation"},"image":{"@id":"https:\/\/www.sriviere.com\/en\/#\/schema\/logo\/image\/"},"sameAs":["https:\/\/www.instagram.com\/sriviereanimation\/","https:\/\/youtube.com\/@sranimationprod"]}]}},"_links":{"self":[{"href":"https:\/\/www.sriviere.com\/en\/wp-json\/wp\/v2\/pages\/6791","targetHints":{"allow":["GET"]}}],"collection":[{"href":"https:\/\/www.sriviere.com\/en\/wp-json\/wp\/v2\/pages"}],"about":[{"href":"https:\/\/www.sriviere.com\/en\/wp-json\/wp\/v2\/types\/page"}],"author":[{"embeddable":true,"href":"https:\/\/www.sriviere.com\/en\/wp-json\/wp\/v2\/users\/1"}],"replies":[{"embeddable":true,"href":"https:\/\/www.sriviere.com\/en\/wp-json\/wp\/v2\/comments?post=6791"}],"version-history":[{"count":8,"href":"https:\/\/www.sriviere.com\/en\/wp-json\/wp\/v2\/pages\/6791\/revisions"}],"predecessor-version":[{"id":7140,"href":"https:\/\/www.sriviere.com\/en\/wp-json\/wp\/v2\/pages\/6791\/revisions\/7140"}],"wp:attachment":[{"href":"https:\/\/www.sriviere.com\/en\/wp-json\/wp\/v2\/media?parent=6791"}],"curies":[{"name":"wp","href":"https:\/\/api.w.org\/{rel}","templated":true}]}}