{"id":6795,"date":"2022-01-31T20:31:06","date_gmt":"2022-01-31T19:31:06","guid":{"rendered":"https:\/\/www.sriviere.com\/?page_id=6795"},"modified":"2022-02-08T08:37:25","modified_gmt":"2022-02-08T07:37:25","slug":"singers-musicians","status":"publish","type":"page","link":"https:\/\/www.sriviere.com\/en\/singers-musicians\/","title":{"rendered":"SINGERS-MUSICIANS"},"content":{"rendered":"<h2 style=\"text-align: center;\"><p class=\"responsive_text\" data-compression=\"36\" data-max=\"27\" data-min=\"16\" style=\"line-height:1em;font-size:20px\">ALL OUR\u00a0 PACKAGES LIVE FOR YOUR COCKTAIL LOUNGE<br \/>\n<i class=\"iconfont theme-icon icon-arrow-down theme-icon-large\" style=\"color:#0000FF\"><\/i><\/p><\/h2>\n<div class=\"divider_padding\"><\/div>\n<div class=\"one_half\"><div class='video_frame' data-ratio='1.78' style='width:480px;height:270px'><iframe class='vimeo' style='height:100%;width:100%' src='https:\/\/player.vimeo.com\/video\/671427924?title=0&amp;byline=0&amp;portrait=0&amp;autoplay=0&amp;loop=0' width='100%' height='100%' frameborder='0' webkitAllowFullScreen mozallowfullscreen allowFullScreen><\/iframe><\/div><\/div> <div class=\"one_half last\"><div class='video_frame' data-ratio='1.78' style='width:480px;height:270px'><iframe class='vimeo' style='height:100%;width:100%' src='https:\/\/player.vimeo.com\/video\/342422916?title=0&amp;byline=0&amp;portrait=0&amp;autoplay=0&amp;loop=0' width='100%' height='100%' frameborder='0' webkitAllowFullScreen mozallowfullscreen allowFullScreen><\/iframe><\/div><\/div><div class=\"clearboth\"><\/div>\n<div class=\"one_half\"><strong>&#8220;THE REPERTOIRE&#8221;<\/strong><div class=\"picture_frame alignright\"><img decoding=\"async\" width =\"106\" height=\"126\" alt=\"\" src=\"https:\/\/www.sriviere.com\/wp-content\/uploads\/strikingr\/images\/6024_Notes-de-musique-copie-1-106x126.png\" srcset=\"https:\/\/www.sriviere.com\/wp-content\/uploads\/strikingr\/images\/6024_Notes-de-musique-copie-1-106x126@2x.png 2x\" data-theme-retina-image=\"true\"  \/><\/div>\n<p>The song book contains<\/p>\n<ul>\n<li>International songs: ( Bruno Mars, Maroon 5, Elton John, Lionel Richie, Phil Collins, U2, Eros Ramazotti, Stevie Wonder, Mariah Carey, Nina Simone, Faith Hill,Laura Pausini, Shania Twain,&#8230;)<\/li>\n<li>French songs: ( Jean Jacques Goldman, Francis Cabrel,Michel Jonasz, Patrick Bruel, Florent Pagny, C\u00e9line Dion, Isabelle Boulay, Maurane, Patricia Kaas&#8230;). Now, the list contains more than six hundreds titles.<\/li>\n<\/ul>\n<p>After promising beginnings in 1990 where I sang, in front of 600 people, I carried on with the stage performances until now. Several times, I got to the first first places at various singing contests in the South of France. Then, I was in concert with a professional band.<\/p>\n<p>All the songs are played live, wich gives our work its authenticity ( more than 1000 total ). J\u00e9r\u00e9my, Loulou, Ang\u00e9lique, Bernard, my friends, follows me when the bride and groom wants to hire me as a singer. You can hear him below.<\/div> <div class=\"one_half last\"><strong>&#8220;SINGERS-MUSICIANS&#8221;<\/strong> <div class=\"picture_frame alignright\"><img decoding=\"async\" width =\"106\" height=\"126\" alt=\"\" src=\"https:\/\/www.sriviere.com\/wp-content\/uploads\/strikingr\/images\/6025_seb-micro-106x126.jpg\" srcset=\"https:\/\/www.sriviere.com\/wp-content\/uploads\/strikingr\/images\/6025_seb-micro-106x126@2x.jpg 2x\" data-theme-retina-image=\"true\"  \/><\/div>\n<p>After promising beginnings in 1990 where I sang, in front of 600 people, I carried on with the stage performances until now. Several times, I got to the first first places at various singing contests in the South of France. Then, I was in concerts with a professional band.<\/p>\n<p>As a singer, I sang in many cocktail lounges. For example, Aix en Provence Novotel, The Mercure Hotel in Marseille. The musicians and male singers playing with me are also professionals.<\/p>\n<p>On a regular basis I work in partnership with song writers and arrangers for various recording studios. In these cases I am a singer for original creations.<\/div><div class=\"clearboth\"><\/div>\n<h2 style=\"text-align: center;\"><p class=\"responsive_text\" data-compression=\"36\" data-max=\"27\" data-min=\"16\" style=\"line-height:1em;font-size:20px\">OUR DEMOS AUDIO MP3 &#8211; MORE THAN 1000 TITLES IN OUR PLAYLIST<br \/>\n<i class=\"iconfont theme-icon icon-arrow-down theme-icon-large\" style=\"color:#0000FF\"><\/i><\/p><\/h2>\n<div class=\"divider_padding\"><\/div>\n<div class=\"one_half\">DEMAIN By THOMAS DUTRONC (Performed by S\u00e9bastien)<\/div> <div class=\"one_half last\"><div class=\"audio_frame\" style=\"height:30px;width:400px;\"><!--[if lt IE 9]><script>document.createElement('audio');<\/script><![endif]-->\n<audio class=\"wp-audio-shortcode\" id=\"audio-6795-1\" preload=\"none\" style=\"width: 100%;width: 100%;height:30px;\" controls=\"controls\"><source type=\"audio\/mpeg\" src=\"https:\/\/www.sriviere.com\/wp-content\/uploads\/2022\/02\/DEMAIN-SEB-MASTERISE.mp3?_=1\" \/><a href=\"https:\/\/www.sriviere.com\/wp-content\/uploads\/2022\/02\/DEMAIN-SEB-MASTERISE.mp3\">https:\/\/www.sriviere.com\/wp-content\/uploads\/2022\/02\/DEMAIN-SEB-MASTERISE.mp3<\/a><\/audio><\/div><\/div><div class=\"clearboth\"><\/div>\n<div class=\"divider_line\"><\/div>\n<div class=\"one_half\">FLY ME THO THE MOON By FRANCK SINATRA (Performed by Bernard)<\/div> <div class=\"one_half last\"><div class=\"audio_frame\" style=\"height:30px;width:400px;\"><audio class=\"wp-audio-shortcode\" id=\"audio-6795-2\" preload=\"none\" style=\"width: 100%;width: 100%;height:30px;\" controls=\"controls\"><source type=\"audio\/mpeg\" src=\"https:\/\/www.sriviere.com\/wp-content\/uploads\/2022\/02\/FLY-ME-TO-THE-MOON-DANCE-MASTER.mp3?_=2\" \/><a href=\"https:\/\/www.sriviere.com\/wp-content\/uploads\/2022\/02\/FLY-ME-TO-THE-MOON-DANCE-MASTER.mp3\">https:\/\/www.sriviere.com\/wp-content\/uploads\/2022\/02\/FLY-ME-TO-THE-MOON-DANCE-MASTER.mp3<\/a><\/audio><\/div><\/div><div class=\"clearboth\"><\/div>\n<div class=\"divider_line\"><\/div>\n<div class=\"one_half\">GIVE ME THE NIGHT By AL JARREAU (Performed by Bernard)<\/div> <div class=\"one_half last\"><div class=\"audio_frame\" style=\"height:30px;width:400px;\"><audio class=\"wp-audio-shortcode\" id=\"audio-6795-3\" preload=\"none\" style=\"width: 100%;width: 100%;height:30px;\" controls=\"controls\"><source type=\"audio\/mpeg\" src=\"https:\/\/www.sriviere.com\/wp-content\/uploads\/2022\/02\/give-me-the-night.mp3?_=3\" \/><a href=\"https:\/\/www.sriviere.com\/wp-content\/uploads\/2022\/02\/give-me-the-night.mp3\">https:\/\/www.sriviere.com\/wp-content\/uploads\/2022\/02\/give-me-the-night.mp3<\/a><\/audio><\/div><\/div><div class=\"clearboth\"><\/div>\n<div class=\"divider_line\"><\/div>\n<div class=\"one_half\">I&#8217;M YOURS By ED SHEERAN (Performed by S\u00e9bastien)<\/div> <div class=\"one_half last\"><div class=\"audio_frame\" style=\"height:30px;width:400px;\"><audio class=\"wp-audio-shortcode\" id=\"audio-6795-4\" preload=\"none\" style=\"width: 100%;width: 100%;height:30px;\" controls=\"controls\"><source type=\"audio\/mpeg\" src=\"https:\/\/www.sriviere.com\/wp-content\/uploads\/2022\/02\/7.-im-yours-MRAZ-by-Seb.mp3?_=4\" \/><a href=\"https:\/\/www.sriviere.com\/wp-content\/uploads\/2022\/02\/7.-im-yours-MRAZ-by-Seb.mp3\">https:\/\/www.sriviere.com\/wp-content\/uploads\/2022\/02\/7.-im-yours-MRAZ-by-Seb.mp3<\/a><\/audio><\/div><\/div><div class=\"clearboth\"><\/div>\n<div class=\"divider_line\"><\/div>\n<div class=\"one_half\">UNDER MY SKIN By FRANCK SINATRA (Performed by Bernard)<\/div> <div class=\"one_half last\"><div class=\"audio_frame\" style=\"height:30px;width:400px;\"><audio class=\"wp-audio-shortcode\" id=\"audio-6795-5\" preload=\"none\" style=\"width: 100%;width: 100%;height:30px;\" controls=\"controls\"><source type=\"audio\/mpeg\" src=\"https:\/\/www.sriviere.com\/wp-content\/uploads\/2022\/02\/under-my-skin-first-mix.mp3?_=5\" \/><a href=\"https:\/\/www.sriviere.com\/wp-content\/uploads\/2022\/02\/under-my-skin-first-mix.mp3\">https:\/\/www.sriviere.com\/wp-content\/uploads\/2022\/02\/under-my-skin-first-mix.mp3<\/a><\/audio><\/div><\/div><div class=\"clearboth\"><\/div>\n<div class=\"divider_line\"><\/div>\n<div class=\"one_half\">LA PETITE VALSE By GERARD LENORMAND (Performed by S\u00e9bastien)<\/div> <div class=\"one_half last\"><div class=\"audio_frame\" style=\"height:30px;width:400px;\"><audio class=\"wp-audio-shortcode\" id=\"audio-6795-6\" preload=\"none\" style=\"width: 100%;width: 100%;height:30px;\" controls=\"controls\"><source type=\"audio\/mpeg\" src=\"https:\/\/www.sriviere.com\/wp-content\/uploads\/2022\/02\/PETITE-VALSE-MASTERISE-SEB.mp3?_=6\" \/><a href=\"https:\/\/www.sriviere.com\/wp-content\/uploads\/2022\/02\/PETITE-VALSE-MASTERISE-SEB.mp3\">https:\/\/www.sriviere.com\/wp-content\/uploads\/2022\/02\/PETITE-VALSE-MASTERISE-SEB.mp3<\/a><\/audio><\/div><\/div><div class=\"clearboth\"><\/div>\n<div class=\"divider_padding\"><\/div>\n<div class=\"one_third\"><div class='video_frame' data-ratio='1.78' style='width:1280px;height:720px'><iframe class='vimeo' style='height:100%;width:100%' src='https:\/\/player.vimeo.com\/video\/673613190?title=0&amp;byline=0&amp;portrait=0&amp;autoplay=0&amp;loop=0' width='100%' height='100%' frameborder='0' webkitAllowFullScreen mozallowfullscreen allowFullScreen><\/iframe><\/div><\/div> <div class=\"one_third\"><div class='video_frame' data-ratio='1.78' style='width:1280px;height:720px'><iframe class='vimeo' style='height:100%;width:100%' src='https:\/\/player.vimeo.com\/video\/673613190?title=0&amp;byline=0&amp;portrait=0&amp;autoplay=0&amp;loop=0' width='100%' height='100%' frameborder='0' webkitAllowFullScreen mozallowfullscreen allowFullScreen><\/iframe><\/div><\/div> <div class=\"one_third last\"><div class='video_frame' data-ratio='1.78' style='width:1280px;height:720px'><iframe class='vimeo' style='height:100%;width:100%' src='https:\/\/player.vimeo.com\/video\/673626808?title=0&amp;byline=0&amp;portrait=0&amp;autoplay=0&amp;loop=0' width='100%' height='100%' frameborder='0' webkitAllowFullScreen mozallowfullscreen allowFullScreen><\/iframe><\/div><\/div><div class=\"clearboth\"><\/div>\n<div class=\"one_half\">J&#8217;IRAI OU TU IRAS By JJ GOLDMAN (Interpr\u00e9t\u00e9 par V\u00e9ro &amp; S\u00e9bastien)<\/div> <div class=\"one_half last\"><div class=\"audio_frame\" style=\"height:30px;width:400px;\"><audio class=\"wp-audio-shortcode\" id=\"audio-6795-7\" preload=\"none\" style=\"width: 100%;width: 100%;height:30px;\" controls=\"controls\"><source type=\"audio\/mpeg\" src=\"https:\/\/www.sriviere.com\/wp-content\/uploads\/2022\/02\/jirai-ou-tu-iras.mp3?_=7\" \/><a href=\"https:\/\/www.sriviere.com\/wp-content\/uploads\/2022\/02\/jirai-ou-tu-iras.mp3\">https:\/\/www.sriviere.com\/wp-content\/uploads\/2022\/02\/jirai-ou-tu-iras.mp3<\/a><\/audio><\/div><\/div><div class=\"clearboth\"><\/div>\n<div class=\"divider_line\"><\/div>\n<div class=\"one_half\">UN ANGELO DISTESO By EROS RAMAZOTTI (Performed by Bernard)<\/div> <div class=\"one_half last\"><div class=\"audio_frame\" style=\"height:30px;width:400px;\"><audio class=\"wp-audio-shortcode\" id=\"audio-6795-8\" preload=\"none\" style=\"width: 100%;width: 100%;height:30px;\" controls=\"controls\"><source type=\"audio\/mpeg\" src=\"https:\/\/www.sriviere.com\/wp-content\/uploads\/2022\/02\/UN-ANGELO-DISTESO-BY-SEB-2EME-MIX.mp3?_=8\" \/><a href=\"https:\/\/www.sriviere.com\/wp-content\/uploads\/2022\/02\/UN-ANGELO-DISTESO-BY-SEB-2EME-MIX.mp3\">https:\/\/www.sriviere.com\/wp-content\/uploads\/2022\/02\/UN-ANGELO-DISTESO-BY-SEB-2EME-MIX.mp3<\/a><\/audio><\/div><\/div><div class=\"clearboth\"><\/div>\n<div class=\"divider_line\"><\/div>\n<div class=\"one_half\">JE T&#8217;AIMAIS JE T&#8217;AIME &#8230; By FRANCIS CABREL (Performed by S\u00e9bastien)<\/div> <div class=\"one_half last\"><div class=\"audio_frame\" style=\"height:30px;width:400px;\"><audio class=\"wp-audio-shortcode\" id=\"audio-6795-9\" preload=\"none\" style=\"width: 100%;width: 100%;height:30px;\" controls=\"controls\"><source type=\"audio\/mpeg\" src=\"https:\/\/www.sriviere.com\/wp-content\/uploads\/2022\/02\/je-taimais-je-taime-et-je-taimerais-seb.mp3?_=9\" \/><a href=\"https:\/\/www.sriviere.com\/wp-content\/uploads\/2022\/02\/je-taimais-je-taime-et-je-taimerais-seb.mp3\">https:\/\/www.sriviere.com\/wp-content\/uploads\/2022\/02\/je-taimais-je-taime-et-je-taimerais-seb.mp3<\/a><\/audio><\/div><\/div><div class=\"clearboth\"><\/div>\n<div class=\"divider_line\"><\/div>\n<div class=\"one_half\">RAIN DOWN ON ME By PHIL COLLINS (Performed by S\u00e9bastien)<\/div> <div class=\"one_half last\"><div class=\"audio_frame\" style=\"height:30px;width:400px;\"><audio class=\"wp-audio-shortcode\" id=\"audio-6795-10\" preload=\"none\" style=\"width: 100%;width: 100%;height:30px;\" controls=\"controls\"><source type=\"audio\/mpeg\" src=\"https:\/\/www.sriviere.com\/wp-content\/uploads\/2022\/02\/Rain-down-on-me-1st-mix.mp3?_=10\" \/><a href=\"https:\/\/www.sriviere.com\/wp-content\/uploads\/2022\/02\/Rain-down-on-me-1st-mix.mp3\">https:\/\/www.sriviere.com\/wp-content\/uploads\/2022\/02\/Rain-down-on-me-1st-mix.mp3<\/a><\/audio><\/div><\/div><div class=\"clearboth\"><\/div>\n<div class=\"divider_line\"><\/div>\n<div class=\"one_half\">STILL HAVEN&#8217;T By U2 (Performed by Bernard)<\/div> <div class=\"one_half last\"><div class=\"audio_frame\" style=\"height:30px;width:400px;\"><audio class=\"wp-audio-shortcode\" id=\"audio-6795-11\" preload=\"none\" style=\"width: 100%;width: 100%;height:30px;\" controls=\"controls\"><source type=\"audio\/mpeg\" src=\"https:\/\/www.sriviere.com\/wp-content\/uploads\/2022\/02\/Still-havent-export.mp3?_=11\" \/><a href=\"https:\/\/www.sriviere.com\/wp-content\/uploads\/2022\/02\/Still-havent-export.mp3\">https:\/\/www.sriviere.com\/wp-content\/uploads\/2022\/02\/Still-havent-export.mp3<\/a><\/audio><\/div><\/div><div class=\"clearboth\"><\/div>\n<div class=\"divider_line\"><\/div>\n<div class=\"one_half\">SUNDAY WITH A FLU YODELICE (Performed by S\u00e9bastien)<\/div> <div class=\"one_half last\"><div class=\"audio_frame\" style=\"height:30px;width:400px;\"><audio class=\"wp-audio-shortcode\" id=\"audio-6795-12\" preload=\"none\" style=\"width: 100%;width: 100%;height:30px;\" controls=\"controls\"><source type=\"audio\/mpeg\" src=\"https:\/\/www.sriviere.com\/wp-content\/uploads\/2022\/02\/sunday-with-a-flu-seb.mp3?_=12\" \/><a href=\"https:\/\/www.sriviere.com\/wp-content\/uploads\/2022\/02\/sunday-with-a-flu-seb.mp3\">https:\/\/www.sriviere.com\/wp-content\/uploads\/2022\/02\/sunday-with-a-flu-seb.mp3<\/a><\/audio><\/div><\/div><div class=\"clearboth\"><\/div>\n","protected":false},"excerpt":{"rendered":"","protected":false},"author":1,"featured_media":0,"parent":0,"menu_order":0,"comment_status":"closed","ping_status":"closed","template":"template_fullwidth.php","meta":{"footnotes":""},"class_list":["post-6795","page","type-page","status-publish","hentry"],"yoast_head":"<!-- This site is optimized with the Yoast SEO plugin v27.0 - https:\/\/yoast.com\/product\/yoast-seo-wordpress\/ -->\n<title>SINGERS-MUSICIANS | DJ mariages &amp; soir\u00e9es priv\u00e9es<\/title>\n<meta name=\"robots\" content=\"index, follow, max-snippet:-1, max-image-preview:large, max-video-preview:-1\" \/>\n<link rel=\"canonical\" href=\"https:\/\/www.sriviere.com\/chanteurs-musiciens\/\" \/>\n<meta property=\"og:locale\" content=\"en_US\" \/>\n<meta property=\"og:type\" content=\"article\" \/>\n<meta property=\"og:title\" content=\"SINGERS-MUSICIANS | DJ mariages &amp; soir\u00e9es priv\u00e9es\" \/>\n<meta property=\"og:url\" content=\"https:\/\/www.sriviere.com\/chanteurs-musiciens\/\" \/>\n<meta property=\"og:site_name\" content=\"DJ mariages &amp; soir\u00e9es priv\u00e9es\" \/>\n<meta property=\"article:modified_time\" content=\"2022-02-08T07:37:25+00:00\" \/>\n<meta property=\"og:image\" content=\"https:\/\/www.sriviere.com\/wp-content\/uploads\/2024\/04\/banniere-you-tube-copie.jpeg\" \/>\n\t<meta property=\"og:image:width\" content=\"1200\" \/>\n\t<meta property=\"og:image:height\" content=\"675\" \/>\n\t<meta property=\"og:image:type\" content=\"image\/jpeg\" \/>\n<meta name=\"twitter:card\" content=\"summary_large_image\" \/>\n<meta name=\"twitter:label1\" content=\"Est. reading time\" \/>\n\t<meta name=\"twitter:data1\" content=\"4 minutes\" \/>\n<script type=\"application\/ld+json\" class=\"yoast-schema-graph\">{\"@context\":\"https:\/\/schema.org\",\"@graph\":[{\"@type\":\"WebPage\",\"@id\":\"https:\/\/www.sriviere.com\/chanteurs-musiciens\/\",\"url\":\"https:\/\/www.sriviere.com\/chanteurs-musiciens\/\",\"name\":\"SINGERS-MUSICIANS | DJ mariages &amp; soir\u00e9es priv\u00e9es\",\"isPartOf\":{\"@id\":\"https:\/\/www.sriviere.com\/en\/#website\"},\"datePublished\":\"2022-01-31T19:31:06+00:00\",\"dateModified\":\"2022-02-08T07:37:25+00:00\",\"breadcrumb\":{\"@id\":\"https:\/\/www.sriviere.com\/chanteurs-musiciens\/#breadcrumb\"},\"inLanguage\":\"en-US\",\"potentialAction\":[{\"@type\":\"ReadAction\",\"target\":[\"https:\/\/www.sriviere.com\/chanteurs-musiciens\/\"]}]},{\"@type\":\"BreadcrumbList\",\"@id\":\"https:\/\/www.sriviere.com\/chanteurs-musiciens\/#breadcrumb\",\"itemListElement\":[{\"@type\":\"ListItem\",\"position\":1,\"name\":\"Accueil\",\"item\":\"https:\/\/www.sriviere.com\/en\/wedding-dj-live-music-provence-french-riviera\/\"},{\"@type\":\"ListItem\",\"position\":2,\"name\":\"SINGERS-MUSICIANS\"}]},{\"@type\":\"WebSite\",\"@id\":\"https:\/\/www.sriviere.com\/en\/#website\",\"url\":\"https:\/\/www.sriviere.com\/en\/\",\"name\":\"SR Animation \u2013 DJ Mariage & \u00c9v\u00e9nement\",\"description\":\"R\u00e9ussir vos animations en R\u00e9gion PACA\",\"publisher\":{\"@id\":\"https:\/\/www.sriviere.com\/en\/#organization\"},\"potentialAction\":[{\"@type\":\"SearchAction\",\"target\":{\"@type\":\"EntryPoint\",\"urlTemplate\":\"https:\/\/www.sriviere.com\/en\/?s={search_term_string}\"},\"query-input\":{\"@type\":\"PropertyValueSpecification\",\"valueRequired\":true,\"valueName\":\"search_term_string\"}}],\"inLanguage\":\"en-US\"},{\"@type\":\"Organization\",\"@id\":\"https:\/\/www.sriviere.com\/en\/#organization\",\"name\":\"SR Animation\",\"url\":\"https:\/\/www.sriviere.com\/en\/\",\"logo\":{\"@type\":\"ImageObject\",\"inLanguage\":\"en-US\",\"@id\":\"https:\/\/www.sriviere.com\/en\/#\/schema\/logo\/image\/\",\"url\":\"https:\/\/www.sriviere.com\/wp-content\/uploads\/2024\/01\/cropped-favicon-1.png\",\"contentUrl\":\"https:\/\/www.sriviere.com\/wp-content\/uploads\/2024\/01\/cropped-favicon-1.png\",\"width\":512,\"height\":512,\"caption\":\"SR Animation\"},\"image\":{\"@id\":\"https:\/\/www.sriviere.com\/en\/#\/schema\/logo\/image\/\"},\"sameAs\":[\"https:\/\/www.instagram.com\/sriviereanimation\/\",\"https:\/\/youtube.com\/@sranimationprod\"]}]}<\/script>\n<!-- \/ Yoast SEO plugin. -->","yoast_head_json":{"title":"SINGERS-MUSICIANS | DJ mariages &amp; soir\u00e9es priv\u00e9es","robots":{"index":"index","follow":"follow","max-snippet":"max-snippet:-1","max-image-preview":"max-image-preview:large","max-video-preview":"max-video-preview:-1"},"canonical":"https:\/\/www.sriviere.com\/chanteurs-musiciens\/","og_locale":"en_US","og_type":"article","og_title":"SINGERS-MUSICIANS | DJ mariages &amp; soir\u00e9es priv\u00e9es","og_url":"https:\/\/www.sriviere.com\/chanteurs-musiciens\/","og_site_name":"DJ mariages &amp; soir\u00e9es priv\u00e9es","article_modified_time":"2022-02-08T07:37:25+00:00","og_image":[{"width":1200,"height":675,"url":"https:\/\/www.sriviere.com\/wp-content\/uploads\/2024\/04\/banniere-you-tube-copie.jpeg","type":"image\/jpeg"}],"twitter_card":"summary_large_image","twitter_misc":{"Est. reading time":"4 minutes"},"schema":{"@context":"https:\/\/schema.org","@graph":[{"@type":"WebPage","@id":"https:\/\/www.sriviere.com\/chanteurs-musiciens\/","url":"https:\/\/www.sriviere.com\/chanteurs-musiciens\/","name":"SINGERS-MUSICIANS | DJ mariages &amp; soir\u00e9es priv\u00e9es","isPartOf":{"@id":"https:\/\/www.sriviere.com\/en\/#website"},"datePublished":"2022-01-31T19:31:06+00:00","dateModified":"2022-02-08T07:37:25+00:00","breadcrumb":{"@id":"https:\/\/www.sriviere.com\/chanteurs-musiciens\/#breadcrumb"},"inLanguage":"en-US","potentialAction":[{"@type":"ReadAction","target":["https:\/\/www.sriviere.com\/chanteurs-musiciens\/"]}]},{"@type":"BreadcrumbList","@id":"https:\/\/www.sriviere.com\/chanteurs-musiciens\/#breadcrumb","itemListElement":[{"@type":"ListItem","position":1,"name":"Accueil","item":"https:\/\/www.sriviere.com\/en\/wedding-dj-live-music-provence-french-riviera\/"},{"@type":"ListItem","position":2,"name":"SINGERS-MUSICIANS"}]},{"@type":"WebSite","@id":"https:\/\/www.sriviere.com\/en\/#website","url":"https:\/\/www.sriviere.com\/en\/","name":"SR Animation \u2013 DJ Mariage & \u00c9v\u00e9nement","description":"R\u00e9ussir vos animations en R\u00e9gion PACA","publisher":{"@id":"https:\/\/www.sriviere.com\/en\/#organization"},"potentialAction":[{"@type":"SearchAction","target":{"@type":"EntryPoint","urlTemplate":"https:\/\/www.sriviere.com\/en\/?s={search_term_string}"},"query-input":{"@type":"PropertyValueSpecification","valueRequired":true,"valueName":"search_term_string"}}],"inLanguage":"en-US"},{"@type":"Organization","@id":"https:\/\/www.sriviere.com\/en\/#organization","name":"SR Animation","url":"https:\/\/www.sriviere.com\/en\/","logo":{"@type":"ImageObject","inLanguage":"en-US","@id":"https:\/\/www.sriviere.com\/en\/#\/schema\/logo\/image\/","url":"https:\/\/www.sriviere.com\/wp-content\/uploads\/2024\/01\/cropped-favicon-1.png","contentUrl":"https:\/\/www.sriviere.com\/wp-content\/uploads\/2024\/01\/cropped-favicon-1.png","width":512,"height":512,"caption":"SR Animation"},"image":{"@id":"https:\/\/www.sriviere.com\/en\/#\/schema\/logo\/image\/"},"sameAs":["https:\/\/www.instagram.com\/sriviereanimation\/","https:\/\/youtube.com\/@sranimationprod"]}]}},"_links":{"self":[{"href":"https:\/\/www.sriviere.com\/en\/wp-json\/wp\/v2\/pages\/6795","targetHints":{"allow":["GET"]}}],"collection":[{"href":"https:\/\/www.sriviere.com\/en\/wp-json\/wp\/v2\/pages"}],"about":[{"href":"https:\/\/www.sriviere.com\/en\/wp-json\/wp\/v2\/types\/page"}],"author":[{"embeddable":true,"href":"https:\/\/www.sriviere.com\/en\/wp-json\/wp\/v2\/users\/1"}],"replies":[{"embeddable":true,"href":"https:\/\/www.sriviere.com\/en\/wp-json\/wp\/v2\/comments?post=6795"}],"version-history":[{"count":13,"href":"https:\/\/www.sriviere.com\/en\/wp-json\/wp\/v2\/pages\/6795\/revisions"}],"predecessor-version":[{"id":7071,"href":"https:\/\/www.sriviere.com\/en\/wp-json\/wp\/v2\/pages\/6795\/revisions\/7071"}],"wp:attachment":[{"href":"https:\/\/www.sriviere.com\/en\/wp-json\/wp\/v2\/media?parent=6795"}],"curies":[{"name":"wp","href":"https:\/\/api.w.org\/{rel}","templated":true}]}}