{"id":6847,"date":"2022-02-06T22:49:19","date_gmt":"2022-02-06T21:49:19","guid":{"rendered":"https:\/\/www.sriviere.com\/?page_id=6847"},"modified":"2022-02-06T22:50:17","modified_gmt":"2022-02-06T21:50:17","slug":"our-skills","status":"publish","type":"page","link":"https:\/\/www.sriviere.com\/en\/our-skills\/","title":{"rendered":"OUR SKILLS"},"content":{"rendered":"","protected":false},"excerpt":{"rendered":"","protected":false},"author":1,"featured_media":0,"parent":0,"menu_order":0,"comment_status":"closed","ping_status":"closed","template":"","meta":{"footnotes":""},"class_list":["post-6847","page","type-page","status-publish","hentry"],"yoast_head":"<!-- This site is optimized with the Yoast SEO plugin v27.0 - https:\/\/yoast.com\/product\/yoast-seo-wordpress\/ -->\n<title>OUR SKILLS | DJ mariages &amp; soir\u00e9es priv\u00e9es<\/title>\n<meta name=\"robots\" content=\"index, follow, max-snippet:-1, max-image-preview:large, max-video-preview:-1\" \/>\n<link rel=\"canonical\" href=\"https:\/\/www.sriviere.com\/en\/our-skills\/\" \/>\n<meta property=\"og:locale\" content=\"en_US\" \/>\n<meta property=\"og:type\" content=\"article\" \/>\n<meta property=\"og:title\" content=\"OUR SKILLS | DJ mariages &amp; soir\u00e9es priv\u00e9es\" \/>\n<meta property=\"og:url\" content=\"https:\/\/www.sriviere.com\/en\/our-skills\/\" \/>\n<meta property=\"og:site_name\" content=\"DJ mariages &amp; soir\u00e9es priv\u00e9es\" \/>\n<meta property=\"article:modified_time\" content=\"2022-02-06T21:50:17+00:00\" \/>\n<meta property=\"og:image\" content=\"https:\/\/www.sriviere.com\/wp-content\/uploads\/2024\/04\/banniere-you-tube-copie.jpeg\" \/>\n\t<meta property=\"og:image:width\" content=\"1200\" \/>\n\t<meta property=\"og:image:height\" content=\"675\" \/>\n\t<meta property=\"og:image:type\" content=\"image\/jpeg\" \/>\n<meta name=\"twitter:card\" content=\"summary_large_image\" \/>\n<script type=\"application\/ld+json\" class=\"yoast-schema-graph\">{\"@context\":\"https:\/\/schema.org\",\"@graph\":[{\"@type\":\"WebPage\",\"@id\":\"https:\/\/www.sriviere.com\/en\/our-skills\/\",\"url\":\"https:\/\/www.sriviere.com\/en\/our-skills\/\",\"name\":\"OUR SKILLS | DJ mariages &amp; soir\u00e9es priv\u00e9es\",\"isPartOf\":{\"@id\":\"https:\/\/www.sriviere.com\/en\/#website\"},\"datePublished\":\"2022-02-06T21:49:19+00:00\",\"dateModified\":\"2022-02-06T21:50:17+00:00\",\"breadcrumb\":{\"@id\":\"https:\/\/www.sriviere.com\/en\/our-skills\/#breadcrumb\"},\"inLanguage\":\"en-US\",\"potentialAction\":[{\"@type\":\"ReadAction\",\"target\":[\"https:\/\/www.sriviere.com\/en\/our-skills\/\"]}]},{\"@type\":\"BreadcrumbList\",\"@id\":\"https:\/\/www.sriviere.com\/en\/our-skills\/#breadcrumb\",\"itemListElement\":[{\"@type\":\"ListItem\",\"position\":1,\"name\":\"Accueil\",\"item\":\"https:\/\/www.sriviere.com\/en\/wedding-dj-live-music-provence-french-riviera\/\"},{\"@type\":\"ListItem\",\"position\":2,\"name\":\"OUR SKILLS\"}]},{\"@type\":\"WebSite\",\"@id\":\"https:\/\/www.sriviere.com\/en\/#website\",\"url\":\"https:\/\/www.sriviere.com\/en\/\",\"name\":\"SR Animation \u2013 DJ Mariage & \u00c9v\u00e9nement\",\"description\":\"R\u00e9ussir vos animations en R\u00e9gion PACA\",\"publisher\":{\"@id\":\"https:\/\/www.sriviere.com\/en\/#organization\"},\"potentialAction\":[{\"@type\":\"SearchAction\",\"target\":{\"@type\":\"EntryPoint\",\"urlTemplate\":\"https:\/\/www.sriviere.com\/en\/?s={search_term_string}\"},\"query-input\":{\"@type\":\"PropertyValueSpecification\",\"valueRequired\":true,\"valueName\":\"search_term_string\"}}],\"inLanguage\":\"en-US\"},{\"@type\":\"Organization\",\"@id\":\"https:\/\/www.sriviere.com\/en\/#organization\",\"name\":\"SR Animation\",\"url\":\"https:\/\/www.sriviere.com\/en\/\",\"logo\":{\"@type\":\"ImageObject\",\"inLanguage\":\"en-US\",\"@id\":\"https:\/\/www.sriviere.com\/en\/#\/schema\/logo\/image\/\",\"url\":\"https:\/\/www.sriviere.com\/wp-content\/uploads\/2024\/01\/cropped-favicon-1.png\",\"contentUrl\":\"https:\/\/www.sriviere.com\/wp-content\/uploads\/2024\/01\/cropped-favicon-1.png\",\"width\":512,\"height\":512,\"caption\":\"SR Animation\"},\"image\":{\"@id\":\"https:\/\/www.sriviere.com\/en\/#\/schema\/logo\/image\/\"},\"sameAs\":[\"https:\/\/www.instagram.com\/sriviereanimation\/\",\"https:\/\/youtube.com\/@sranimationprod\"]}]}<\/script>\n<!-- \/ Yoast SEO plugin. -->","yoast_head_json":{"title":"OUR SKILLS | DJ mariages &amp; soir\u00e9es priv\u00e9es","robots":{"index":"index","follow":"follow","max-snippet":"max-snippet:-1","max-image-preview":"max-image-preview:large","max-video-preview":"max-video-preview:-1"},"canonical":"https:\/\/www.sriviere.com\/en\/our-skills\/","og_locale":"en_US","og_type":"article","og_title":"OUR SKILLS | DJ mariages &amp; soir\u00e9es priv\u00e9es","og_url":"https:\/\/www.sriviere.com\/en\/our-skills\/","og_site_name":"DJ mariages &amp; soir\u00e9es priv\u00e9es","article_modified_time":"2022-02-06T21:50:17+00:00","og_image":[{"width":1200,"height":675,"url":"https:\/\/www.sriviere.com\/wp-content\/uploads\/2024\/04\/banniere-you-tube-copie.jpeg","type":"image\/jpeg"}],"twitter_card":"summary_large_image","schema":{"@context":"https:\/\/schema.org","@graph":[{"@type":"WebPage","@id":"https:\/\/www.sriviere.com\/en\/our-skills\/","url":"https:\/\/www.sriviere.com\/en\/our-skills\/","name":"OUR SKILLS | DJ mariages &amp; soir\u00e9es priv\u00e9es","isPartOf":{"@id":"https:\/\/www.sriviere.com\/en\/#website"},"datePublished":"2022-02-06T21:49:19+00:00","dateModified":"2022-02-06T21:50:17+00:00","breadcrumb":{"@id":"https:\/\/www.sriviere.com\/en\/our-skills\/#breadcrumb"},"inLanguage":"en-US","potentialAction":[{"@type":"ReadAction","target":["https:\/\/www.sriviere.com\/en\/our-skills\/"]}]},{"@type":"BreadcrumbList","@id":"https:\/\/www.sriviere.com\/en\/our-skills\/#breadcrumb","itemListElement":[{"@type":"ListItem","position":1,"name":"Accueil","item":"https:\/\/www.sriviere.com\/en\/wedding-dj-live-music-provence-french-riviera\/"},{"@type":"ListItem","position":2,"name":"OUR SKILLS"}]},{"@type":"WebSite","@id":"https:\/\/www.sriviere.com\/en\/#website","url":"https:\/\/www.sriviere.com\/en\/","name":"SR Animation \u2013 DJ Mariage & \u00c9v\u00e9nement","description":"R\u00e9ussir vos animations en R\u00e9gion PACA","publisher":{"@id":"https:\/\/www.sriviere.com\/en\/#organization"},"potentialAction":[{"@type":"SearchAction","target":{"@type":"EntryPoint","urlTemplate":"https:\/\/www.sriviere.com\/en\/?s={search_term_string}"},"query-input":{"@type":"PropertyValueSpecification","valueRequired":true,"valueName":"search_term_string"}}],"inLanguage":"en-US"},{"@type":"Organization","@id":"https:\/\/www.sriviere.com\/en\/#organization","name":"SR Animation","url":"https:\/\/www.sriviere.com\/en\/","logo":{"@type":"ImageObject","inLanguage":"en-US","@id":"https:\/\/www.sriviere.com\/en\/#\/schema\/logo\/image\/","url":"https:\/\/www.sriviere.com\/wp-content\/uploads\/2024\/01\/cropped-favicon-1.png","contentUrl":"https:\/\/www.sriviere.com\/wp-content\/uploads\/2024\/01\/cropped-favicon-1.png","width":512,"height":512,"caption":"SR Animation"},"image":{"@id":"https:\/\/www.sriviere.com\/en\/#\/schema\/logo\/image\/"},"sameAs":["https:\/\/www.instagram.com\/sriviereanimation\/","https:\/\/youtube.com\/@sranimationprod"]}]}},"_links":{"self":[{"href":"https:\/\/www.sriviere.com\/en\/wp-json\/wp\/v2\/pages\/6847","targetHints":{"allow":["GET"]}}],"collection":[{"href":"https:\/\/www.sriviere.com\/en\/wp-json\/wp\/v2\/pages"}],"about":[{"href":"https:\/\/www.sriviere.com\/en\/wp-json\/wp\/v2\/types\/page"}],"author":[{"embeddable":true,"href":"https:\/\/www.sriviere.com\/en\/wp-json\/wp\/v2\/users\/1"}],"replies":[{"embeddable":true,"href":"https:\/\/www.sriviere.com\/en\/wp-json\/wp\/v2\/comments?post=6847"}],"version-history":[{"count":1,"href":"https:\/\/www.sriviere.com\/en\/wp-json\/wp\/v2\/pages\/6847\/revisions"}],"predecessor-version":[{"id":6848,"href":"https:\/\/www.sriviere.com\/en\/wp-json\/wp\/v2\/pages\/6847\/revisions\/6848"}],"wp:attachment":[{"href":"https:\/\/www.sriviere.com\/en\/wp-json\/wp\/v2\/media?parent=6847"}],"curies":[{"name":"wp","href":"https:\/\/api.w.org\/{rel}","templated":true}]}}